{"id":113,"date":"2020-01-26T20:37:19","date_gmt":"2020-01-27T01:37:19","guid":{"rendered":"https:\/\/facqui.unitru.edu.pe\/?page_id=113"},"modified":"2022-12-06T00:55:33","modified_gmt":"2022-12-06T05:55:33","slug":"miembros-de-consejo","status":"publish","type":"page","link":"https:\/\/facqui.unitru.edu.pe\/index.php\/miembros-de-consejo\/","title":{"rendered":"Miembros de Consejo"},"content":{"rendered":"\t\t<div data-elementor-type=\"wp-page\" data-elementor-id=\"113\" class=\"elementor elementor-113\">\n\t\t\t\t\t\t<section class=\"elementor-section elementor-top-section elementor-element elementor-element-9d8768b elementor-section-height-min-height elementor-section-boxed elementor-section-height-default elementor-section-items-middle\" data-id=\"9d8768b\" data-element_type=\"section\">\n\t\t\t\t\t\t\t<div class=\"elementor-background-overlay\"><\/div>\n\t\t\t\t\t\t\t<div class=\"elementor-container elementor-column-gap-default\">\n\t\t\t\t\t<div class=\"elementor-column elementor-col-100 elementor-top-column elementor-element elementor-element-b5a96b4\" data-id=\"b5a96b4\" data-element_type=\"column\">\n\t\t\t<div class=\"elementor-widget-wrap\">\n\t\t\t\t\t\t\t<\/div>\n\t\t<\/div>\n\t\t\t\t\t<\/div>\n\t\t<\/section>\n\t\t\t\t<section class=\"elementor-section elementor-top-section elementor-element elementor-element-d429c9a elementor-section-boxed elementor-section-height-default elementor-section-height-default\" data-id=\"d429c9a\" data-element_type=\"section\">\n\t\t\t\t\t\t<div class=\"elementor-container elementor-column-gap-default\">\n\t\t\t\t\t<div class=\"elementor-column elementor-col-100 elementor-top-column elementor-element elementor-element-8cd4d79\" data-id=\"8cd4d79\" data-element_type=\"column\">\n\t\t\t<div class=\"elementor-widget-wrap elementor-element-populated\">\n\t\t\t\t\t\t<div class=\"elementor-element elementor-element-15af729 elementor-widget elementor-widget-heading\" data-id=\"15af729\" data-element_type=\"widget\" data-widget_type=\"heading.default\">\n\t\t\t\t<div class=\"elementor-widget-container\">\n\t\t\t<h2 class=\"elementor-heading-title elementor-size-default\">CONSEJO DE FACULTAD<\/h2>\t\t<\/div>\n\t\t\t\t<\/div>\n\t\t\t\t\t<\/div>\n\t\t<\/div>\n\t\t\t\t\t<\/div>\n\t\t<\/section>\n\t\t\t\t<section class=\"elementor-section elementor-top-section elementor-element elementor-element-1eb76d0 elementor-section-boxed elementor-section-height-default elementor-section-height-default\" data-id=\"1eb76d0\" data-element_type=\"section\">\n\t\t\t\t\t\t<div class=\"elementor-container elementor-column-gap-default\">\n\t\t\t\t\t<div class=\"elementor-column elementor-col-100 elementor-top-column elementor-element elementor-element-f1aeb0c\" data-id=\"f1aeb0c\" data-element_type=\"column\">\n\t\t\t<div class=\"elementor-widget-wrap elementor-element-populated\">\n\t\t\t\t\t\t<div class=\"elementor-element elementor-element-3043e5b elementor-widget elementor-widget-text-editor\" data-id=\"3043e5b\" data-element_type=\"widget\" data-widget_type=\"text-editor.default\">\n\t\t\t\t<div class=\"elementor-widget-container\">\n\t\t\t\t\t\t\t<p><span style=\"font-size: 17px;\">El Consejo de Facultad es el \u00f3rgano m\u00e1ximo de gobierno de la Facultad. La conducci\u00f3n y su direcci\u00f3n le corresponden al Decano, de acuerdo con las atribuciones se\u00f1aladas en el Estatuto Reformado, adecuado a la Ley Universitaria N\u00b0 30220.\u00a0<\/span><\/p><p>El Consejo de Facultad es el \u00f3rgano m\u00e1ximo de gobierno de la Facultad. La conducci\u00f3n y su direcci\u00f3n le corresponden al Decano, de acuerdo con las atribuciones se\u00f1aladas en el Estatuto Reformado, adecuado a la Ley Universitaria N\u00b0 30220.<\/p><p><span style=\"font-size: 17px;\">El Consejo de Facultad est\u00e1 conformado por:<\/span><\/p><ul><li>a) El Decano, quien lo preside.<\/li><li>b) Tres (03) docentes principales.<\/li><li>c) Dos (02) docentes asociados.<\/li><li>d) Uno (01) docente auxiliar.<\/li><li>e) Tres (03) estudiantes.<\/li><li>f) Un (01) representante de los graduados, debidamente acreditado, con derecho a voz, sin voto.<\/li><\/ul><p><span style=\"font-size: 17px;\">Los representantes docentes son elegidos por y entre ellos, seg\u00fan su categor\u00eda; su mandato dura cuatro (04) a\u00f1os.<\/span><\/p><p><span style=\"font-size: 17px;\">Los representantes de los estudiantes regulares son elegidos por y entre ellos de la respectiva Facultad; deben pertenecer al tercio superior y haber aprobado como m\u00ednimo treinta y seis (36) cr\u00e9ditos. Constituyen un tercio del total de integrantes del Consejo y su mandato dura dos (02) a\u00f1os.<\/span><\/p><p><span style=\"font-size: 17px;\">El Consejo de Facultad tiene las siguientes atribuciones:<\/span><\/p><ul><li>a) Aprobar el Plan Estrat\u00e9gico, Plan Operativo y Reglamento de Organizaci\u00f3n y Funciones de la Facultad.<\/li><li>b) Elaborar, ejecutar y evaluar el presupuesto de la Facultad.<\/li><li>c) Aprobar los planes de trabajo de los Departamentos y dem\u00e1s unidades acad\u00e9micas.<\/li><li>d) Aprobar el n\u00famero de vacantes de ingreso a las carreras profesionales propuesto por la Direcci\u00f3n de Escuela.<\/li><li>e) Aprobar, en primera instancia, los curr\u00edculos de las Escuelas Profesionales.<\/li><li>f) Proponer al Consejo Universitario los curr\u00edculos o redise\u00f1os curriculares para su ratificaci\u00f3n.<\/li><li>g) Aprobar las propuestas de distribuci\u00f3n de cargas lectivas de los Departamentos.<\/li><li>h) Aprobar los Grados Acad\u00e9micos y T\u00edtulos Profesionales que otorga la Facultad.<\/li><li>i) Aprobar convenios de la Facultad con instituciones p\u00fablicas o privadas, con fines estrictamente acad\u00e9micos para beneficio de los docentes y estudiantes, sin comprometer los recursos f\u00edsicos y\/o econ\u00f3micos de la Universidad,<br \/>respetando las normas de Tesorer\u00eda y con cargo de dar cuenta al Consejo Universitario.<\/li><li>j) Aprobar las modificaciones del Reglamento de Organizaci\u00f3n y Funciones de la Facultad con los dos tercios (2\/3) de sus miembros.<\/li><li>k) Pronunciarse sobre la renuncia del Decano y de los Consejeros de Facultad y declarar la vacancia del cargo.<\/li><li>l) Las dem\u00e1s atribuciones que la Ley Universitaria establece.<\/li><\/ul><p>El Consejo de Facultad se re\u00fane ordinariamente una vez al mes y, extraordinariamente, cuando es convocado por el Decano o por loa mitad m\u00e1s uno de sus miembros.<\/p><p><span style=\"text-decoration: underline;\"><strong>LOS MIEMBROS DEL CONSEJO DE FACULTAD SON LOS SIGUIENTES<\/strong><\/span>:<\/p><ul><li><em><span style=\"text-decoration: underline;\"><strong>DECANO DE LA FACULTAD<\/strong><\/span><\/em><ul><li>Dr. FELICIANO SALVADOR BERNUI PAREDES<\/li><\/ul><\/li><li><span style=\"text-decoration: underline;\"><em><strong>DOCENTES PRINCIPALES<\/strong><\/em><\/span><ul><li>Dr. LUIS ORLANDO MONCADA ALBITRES<\/li><li>Dr. SEGUNDO DOMINGO RU\u00cdZ BENITES<\/li><\/ul><\/li><li><span style=\"text-decoration: underline;\"><em><strong>DOCENTES ASOCIADOS<\/strong><\/em><\/span><ul><li>Dr. MEDARDO ALBERTO QUEZADA \u00c1LVAREZ<\/li><li>Ms. SEGUNDO JUAN SALDA\u00d1A SAAVEDRA<\/li><\/ul><\/li><li><span style=\"text-decoration: underline;\"><em><strong>DOCENTE AUXILIAR<\/strong><\/em><\/span><ul><li>Ms. PA\u00daL HENRY ESQUERRE PEREYRA<\/li><\/ul><\/li><li><span style=\"text-decoration: underline;\"><em><strong>ALUMNOS INTEGRANTES<\/strong><\/em><\/span><ul><li>Est. C\u00c9SAR JEAN POOL LOREDO MORENO<\/li><li>Est. ROBERT NICOLLS SANGAY ORDO\u00d1EZ<\/li><li>Est. MELISSA CORREA CORREA<\/li><\/ul><\/li><\/ul>\t\t\t\t\t\t<\/div>\n\t\t\t\t<\/div>\n\t\t\t\t\t<\/div>\n\t\t<\/div>\n\t\t\t\t\t<\/div>\n\t\t<\/section>\n\t\t\t\t<section class=\"elementor-section elementor-top-section elementor-element elementor-element-cc83f4b elementor-section-boxed elementor-section-height-default elementor-section-height-default\" data-id=\"cc83f4b\" data-element_type=\"section\">\n\t\t\t\t\t\t<div class=\"elementor-container elementor-column-gap-default\">\n\t\t\t\t\t<div class=\"elementor-column elementor-col-100 elementor-top-column elementor-element elementor-element-ea93f11\" data-id=\"ea93f11\" data-element_type=\"column\">\n\t\t\t<div class=\"elementor-widget-wrap elementor-element-populated\">\n\t\t\t\t\t\t<div class=\"elementor-element elementor-element-adc6c31 elementor-align-center elementor-widget elementor-widget-global elementor-global-1216 elementor-widget-bdt-advanced-button\" data-id=\"adc6c31\" data-element_type=\"widget\" data-widget_type=\"bdt-advanced-button.default\">\n\t\t\t\t<div class=\"elementor-widget-container\">\n\t\t\t\t\t<div class=\"bdt-ep-button-wrapper\">\n\t\t\t<a href=\"https:\/\/facqui.unitru.edu.pe\" class=\"bdt-ep-button bdt-ep-button-effect-b bdt-ep-button-size-sm\">\n\t\t\t\t\t\t<div class=\"bdt-ep-button-content-wrapper bdt-flex bdt-flex-middle bdt-flex-center  \" data-text=\"Volver a Inicio\">\n\t\t\t\t\t\t\t<div class=\"bdt-ep-button-icon bdt-flex-center bdt-flex-align-left\">\n\t\t\t\t\t<div class=\"bdt-ep-button-icon-inner\">\n\n\t\t\t\t\t<i aria-hidden=\"true\" class=\"fa-fw fas fa-arrow-circle-left\"><\/i>\n\t\t\t\t\t<\/div>\n\t\t\t\t<\/div>\n\t\t\t\n\t\t\t<div class=\"bdt-ep-button-text\">\n\n                <span class=\"avdbtn-text\">Volver a Inicio<\/span>\n\n\t\t\t\t            <\/div>\n\n\t\t\t\n\t\t<\/div>\n\t\t\t\t\t<\/a>\n\t\t<\/div>\n\t\t\t\t<\/div>\n\t\t\t\t<\/div>\n\t\t\t\t\t<\/div>\n\t\t<\/div>\n\t\t\t\t\t<\/div>\n\t\t<\/section>\n\t\t\t\t<\/div>\n\t\t","protected":false},"excerpt":{"rendered":"<p>CONSEJO DE FACULTAD El Consejo de Facultad es el \u00f3rgano m\u00e1ximo de gobierno de la Facultad. La conducci\u00f3n y su direcci\u00f3n le corresponden al Decano, de acuerdo con las atribuciones se\u00f1aladas en el Estatuto Reformado, adecuado a la Ley Universitaria N\u00b0 30220.\u00a0 El Consejo de Facultad es el \u00f3rgano m\u00e1ximo de gobierno de la Facultad. [&hellip;]<\/p>\n","protected":false},"author":1,"featured_media":0,"parent":0,"menu_order":0,"comment_status":"closed","ping_status":"closed","template":"","meta":{"site-sidebar-layout":"no-sidebar","site-content-layout":"page-builder","ast-site-content-layout":"","site-content-style":"default","site-sidebar-style":"default","ast-global-header-display":"","ast-banner-title-visibility":"","ast-main-header-display":"","ast-hfb-above-header-display":"","ast-hfb-below-header-display":"","ast-hfb-mobile-header-display":"","site-post-title":"disabled","ast-breadcrumbs-content":"","ast-featured-img":"disabled","footer-sml-layout":"","theme-transparent-header-meta":"default","adv-header-id-meta":"","stick-header-meta":"default","header-above-stick-meta":"","header-main-stick-meta":"","header-below-stick-meta":"","astra-migrate-meta-layouts":"default","ast-page-background-enabled":"default","ast-page-background-meta":{"desktop":{"background-color":"","background-image":"","background-repeat":"repeat","background-position":"center center","background-size":"auto","background-attachment":"scroll","background-type":"","background-media":"","overlay-type":"","overlay-color":"","overlay-gradient":""},"tablet":{"background-color":"","background-image":"","background-repeat":"repeat","background-position":"center center","background-size":"auto","background-attachment":"scroll","background-type":"","background-media":"","overlay-type":"","overlay-color":"","overlay-gradient":""},"mobile":{"background-color":"","background-image":"","background-repeat":"repeat","background-position":"center center","background-size":"auto","background-attachment":"scroll","background-type":"","background-media":"","overlay-type":"","overlay-color":"","overlay-gradient":""}},"ast-content-background-meta":{"desktop":{"background-color":"var(--ast-global-color-5)","background-image":"","background-repeat":"repeat","background-position":"center center","background-size":"auto","background-attachment":"scroll","background-type":"","background-media":"","overlay-type":"","overlay-color":"","overlay-gradient":""},"tablet":{"background-color":"var(--ast-global-color-5)","background-image":"","background-repeat":"repeat","background-position":"center center","background-size":"auto","background-attachment":"scroll","background-type":"","background-media":"","overlay-type":"","overlay-color":"","overlay-gradient":""},"mobile":{"background-color":"var(--ast-global-color-5)","background-image":"","background-repeat":"repeat","background-position":"center center","background-size":"auto","background-attachment":"scroll","background-type":"","background-media":"","overlay-type":"","overlay-color":"","overlay-gradient":""}},"footnotes":""},"class_list":["post-113","page","type-page","status-publish","hentry"],"_links":{"self":[{"href":"https:\/\/facqui.unitru.edu.pe\/index.php\/wp-json\/wp\/v2\/pages\/113","targetHints":{"allow":["GET"]}}],"collection":[{"href":"https:\/\/facqui.unitru.edu.pe\/index.php\/wp-json\/wp\/v2\/pages"}],"about":[{"href":"https:\/\/facqui.unitru.edu.pe\/index.php\/wp-json\/wp\/v2\/types\/page"}],"author":[{"embeddable":true,"href":"https:\/\/facqui.unitru.edu.pe\/index.php\/wp-json\/wp\/v2\/users\/1"}],"replies":[{"embeddable":true,"href":"https:\/\/facqui.unitru.edu.pe\/index.php\/wp-json\/wp\/v2\/comments?post=113"}],"version-history":[{"count":21,"href":"https:\/\/facqui.unitru.edu.pe\/index.php\/wp-json\/wp\/v2\/pages\/113\/revisions"}],"predecessor-version":[{"id":4236,"href":"https:\/\/facqui.unitru.edu.pe\/index.php\/wp-json\/wp\/v2\/pages\/113\/revisions\/4236"}],"wp:attachment":[{"href":"https:\/\/facqui.unitru.edu.pe\/index.php\/wp-json\/wp\/v2\/media?parent=113"}],"curies":[{"name":"wp","href":"https:\/\/api.w.org\/{rel}","templated":true}]}}