{"id":31,"date":"2020-03-01T18:26:52","date_gmt":"2020-03-01T18:26:52","guid":{"rendered":"https:\/\/facqui.unitru.edu.pe\/programa-ambiental\/?page_id=31"},"modified":"2024-09-25T13:52:24","modified_gmt":"2024-09-25T18:52:24","slug":"descripcion-de-la-carrera","status":"publish","type":"page","link":"https:\/\/facqui.unitru.edu.pe\/programa-ambiental\/descripcion-de-la-carrera\/","title":{"rendered":"Descripci\u00f3n de la Carrera"},"content":{"rendered":"\t\t<div data-elementor-type=\"wp-page\" data-elementor-id=\"31\" class=\"elementor elementor-31\">\n\t\t\t\t\t\t<section class=\"elementor-section elementor-top-section elementor-element elementor-element-dcd126e elementor-section-height-min-height elementor-section-boxed elementor-section-height-default elementor-section-items-middle\" data-id=\"dcd126e\" data-element_type=\"section\" data-settings=\"{&quot;background_background&quot;:&quot;classic&quot;}\">\n\t\t\t\t\t\t\t<div class=\"elementor-background-overlay\"><\/div>\n\t\t\t\t\t\t\t<div class=\"elementor-container elementor-column-gap-default\">\n\t\t\t\t\t<div class=\"elementor-column elementor-col-100 elementor-top-column elementor-element elementor-element-060ae8a\" data-id=\"060ae8a\" data-element_type=\"column\">\n\t\t\t<div class=\"elementor-widget-wrap\">\n\t\t\t\t\t\t\t<\/div>\n\t\t<\/div>\n\t\t\t\t\t<\/div>\n\t\t<\/section>\n\t\t\t\t<section class=\"elementor-section elementor-top-section elementor-element elementor-element-3b3a8c0 elementor-section-boxed elementor-section-height-default elementor-section-height-default\" data-id=\"3b3a8c0\" data-element_type=\"section\">\n\t\t\t\t\t\t<div class=\"elementor-container elementor-column-gap-default\">\n\t\t\t\t\t<div class=\"elementor-column elementor-col-100 elementor-top-column elementor-element elementor-element-062df0e\" data-id=\"062df0e\" data-element_type=\"column\">\n\t\t\t<div class=\"elementor-widget-wrap elementor-element-populated\">\n\t\t\t\t\t\t<div class=\"elementor-element elementor-element-d9a423b elementor-widget elementor-widget-spacer\" data-id=\"d9a423b\" data-element_type=\"widget\" data-widget_type=\"spacer.default\">\n\t\t\t\t<div class=\"elementor-widget-container\">\n\t\t\t\t\t<div class=\"elementor-spacer\">\n\t\t\t<div class=\"elementor-spacer-inner\"><\/div>\n\t\t<\/div>\n\t\t\t\t<\/div>\n\t\t\t\t<\/div>\n\t\t\t\t\t<\/div>\n\t\t<\/div>\n\t\t\t\t\t<\/div>\n\t\t<\/section>\n\t\t\t\t<section class=\"elementor-section elementor-top-section elementor-element elementor-element-5bcce26 elementor-section-boxed elementor-section-height-default elementor-section-height-default\" data-id=\"5bcce26\" data-element_type=\"section\">\n\t\t\t\t\t\t<div class=\"elementor-container elementor-column-gap-default\">\n\t\t\t\t\t<div class=\"elementor-column elementor-col-50 elementor-top-column elementor-element elementor-element-6e495f2\" data-id=\"6e495f2\" data-element_type=\"column\">\n\t\t\t<div class=\"elementor-widget-wrap elementor-element-populated\">\n\t\t\t\t\t\t<div class=\"elementor-element elementor-element-c810eb4 cuadrotexto elementor-widget elementor-widget-text-editor\" data-id=\"c810eb4\" data-element_type=\"widget\" data-widget_type=\"text-editor.default\">\n\t\t\t\t<div class=\"elementor-widget-container\">\n\t\t\t\t\t\t\t<fieldset>\n<legend>Descripci\u00f3n de la Carrera<\/legend>\n<p>El Programa de Educaci\u00f3n Superior de Ingenier\u00eda Ambiental que se ofrece a los postulantes, se enmarca en la formaci\u00f3n de los estudiantes para diagnosticar, dise\u00f1ar, implementar, investigar, administrar y emprender las posibles soluciones a necesidades que se presenten en la sociedad en las respectivas \u00e1reas de trabajo. Esta carrera beneficia a toda la vida sobre la Tierra, no solo a la humanidad ya que se preocupa por mantener el balance que mantiene la vida y lo hace por medio de planificaci\u00f3n del uso sostenible del medio ambiente, medidas de mitigaci\u00f3n y control de procesos contaminantes, elaboraci\u00f3n de soluciones medio ambientales, monitoreo de recursos naturales, etc.<\/p>\n<\/fieldset>\t\t\t\t\t\t<\/div>\n\t\t\t\t<\/div>\n\t\t\t\t\t<\/div>\n\t\t<\/div>\n\t\t\t\t<div class=\"elementor-column elementor-col-50 elementor-top-column elementor-element elementor-element-c44fe67\" data-id=\"c44fe67\" data-element_type=\"column\">\n\t\t\t<div class=\"elementor-widget-wrap elementor-element-populated\">\n\t\t\t\t\t\t<div class=\"elementor-element elementor-element-729746f elementor-widget elementor-widget-image\" data-id=\"729746f\" data-element_type=\"widget\" data-widget_type=\"image.default\">\n\t\t\t\t<div class=\"elementor-widget-container\">\n\t\t\t\t\t\t\t\t\t\t\t\t\t<img fetchpriority=\"high\" decoding=\"async\" width=\"300\" height=\"300\" src=\"https:\/\/facqui.unitru.edu.pe\/programa-ambiental\/wp-content\/uploads\/sites\/4\/2020\/03\/02_jpg-1-300x300.jpg\" class=\"attachment-medium size-medium wp-image-195\" alt=\"\" srcset=\"https:\/\/facqui.unitru.edu.pe\/programa-ambiental\/wp-content\/uploads\/sites\/4\/2020\/03\/02_jpg-1-300x300.jpg 300w, https:\/\/facqui.unitru.edu.pe\/programa-ambiental\/wp-content\/uploads\/sites\/4\/2020\/03\/02_jpg-1-150x150.jpg 150w, https:\/\/facqui.unitru.edu.pe\/programa-ambiental\/wp-content\/uploads\/sites\/4\/2020\/03\/02_jpg-1.jpg 592w\" sizes=\"(max-width: 300px) 100vw, 300px\" \/>\t\t\t\t\t\t\t\t\t\t\t\t\t<\/div>\n\t\t\t\t<\/div>\n\t\t\t\t<div class=\"elementor-element elementor-element-49e05ff elementor-widget elementor-widget-image\" data-id=\"49e05ff\" data-element_type=\"widget\" data-widget_type=\"image.default\">\n\t\t\t\t<div class=\"elementor-widget-container\">\n\t\t\t\t\t\t\t\t\t\t\t\t\t<img decoding=\"async\" src=\"https:\/\/facqui.unitru.edu.pe\/programa-ambiental\/wp-content\/uploads\/sites\/4\/elementor\/thumbs\/01_png-pyp3sqpweupnixqzpw5eq0rpss0fy9hsub5q2sxhlc.png\" title=\"01_png\" alt=\"01_png\" loading=\"lazy\" \/>\t\t\t\t\t\t\t\t\t\t\t\t\t<\/div>\n\t\t\t\t<\/div>\n\t\t\t\t\t<\/div>\n\t\t<\/div>\n\t\t\t\t\t<\/div>\n\t\t<\/section>\n\t\t\t\t<section class=\"elementor-section elementor-top-section elementor-element elementor-element-d5df422 elementor-section-boxed elementor-section-height-default elementor-section-height-default\" data-id=\"d5df422\" data-element_type=\"section\">\n\t\t\t\t\t\t<div class=\"elementor-container elementor-column-gap-default\">\n\t\t\t\t\t<div class=\"elementor-column elementor-col-100 elementor-top-column elementor-element elementor-element-e765dc7\" data-id=\"e765dc7\" data-element_type=\"column\">\n\t\t\t<div class=\"elementor-widget-wrap elementor-element-populated\">\n\t\t\t\t\t\t<div class=\"elementor-element elementor-element-a5fad12 elementor-widget elementor-widget-spacer\" data-id=\"a5fad12\" data-element_type=\"widget\" data-widget_type=\"spacer.default\">\n\t\t\t\t<div class=\"elementor-widget-container\">\n\t\t\t\t\t<div class=\"elementor-spacer\">\n\t\t\t<div class=\"elementor-spacer-inner\"><\/div>\n\t\t<\/div>\n\t\t\t\t<\/div>\n\t\t\t\t<\/div>\n\t\t\t\t\t<\/div>\n\t\t<\/div>\n\t\t\t\t\t<\/div>\n\t\t<\/section>\n\t\t\t\t<section class=\"elementor-section elementor-top-section elementor-element elementor-element-bd66d97 elementor-section-boxed elementor-section-height-default elementor-section-height-default\" data-id=\"bd66d97\" data-element_type=\"section\">\n\t\t\t\t\t\t<div class=\"elementor-container elementor-column-gap-default\">\n\t\t\t\t\t<div class=\"elementor-column elementor-col-50 elementor-top-column elementor-element elementor-element-ac20756\" data-id=\"ac20756\" data-element_type=\"column\">\n\t\t\t<div class=\"elementor-widget-wrap elementor-element-populated\">\n\t\t\t\t\t\t<div class=\"elementor-element elementor-element-2f9750d elementor-widget elementor-widget-image\" data-id=\"2f9750d\" data-element_type=\"widget\" data-widget_type=\"image.default\">\n\t\t\t\t<div class=\"elementor-widget-container\">\n\t\t\t\t\t\t\t\t\t\t\t\t\t<img decoding=\"async\" width=\"276\" height=\"300\" src=\"https:\/\/facqui.unitru.edu.pe\/programa-ambiental\/wp-content\/uploads\/sites\/4\/2020\/03\/02-276x300.png\" class=\"attachment-medium size-medium wp-image-212\" alt=\"\" srcset=\"https:\/\/facqui.unitru.edu.pe\/programa-ambiental\/wp-content\/uploads\/sites\/4\/2020\/03\/02-276x300.png 276w, https:\/\/facqui.unitru.edu.pe\/programa-ambiental\/wp-content\/uploads\/sites\/4\/2020\/03\/02.png 500w\" sizes=\"(max-width: 276px) 100vw, 276px\" \/>\t\t\t\t\t\t\t\t\t\t\t\t\t<\/div>\n\t\t\t\t<\/div>\n\t\t\t\t<div class=\"elementor-element elementor-element-70aa08b elementor-widget elementor-widget-image\" data-id=\"70aa08b\" data-element_type=\"widget\" data-widget_type=\"image.default\">\n\t\t\t\t<div class=\"elementor-widget-container\">\n\t\t\t\t\t\t\t\t\t\t\t\t\t<img decoding=\"async\" width=\"300\" height=\"300\" src=\"https:\/\/facqui.unitru.edu.pe\/programa-ambiental\/wp-content\/uploads\/sites\/4\/2020\/03\/01-300x300.jpg\" class=\"attachment-medium size-medium wp-image-211\" alt=\"\" srcset=\"https:\/\/facqui.unitru.edu.pe\/programa-ambiental\/wp-content\/uploads\/sites\/4\/2020\/03\/01-300x300.jpg 300w, https:\/\/facqui.unitru.edu.pe\/programa-ambiental\/wp-content\/uploads\/sites\/4\/2020\/03\/01-150x150.jpg 150w, https:\/\/facqui.unitru.edu.pe\/programa-ambiental\/wp-content\/uploads\/sites\/4\/2020\/03\/01.jpg 512w\" sizes=\"(max-width: 300px) 100vw, 300px\" \/>\t\t\t\t\t\t\t\t\t\t\t\t\t<\/div>\n\t\t\t\t<\/div>\n\t\t\t\t<div class=\"elementor-element elementor-element-f549040 elementor-widget elementor-widget-image\" data-id=\"f549040\" data-element_type=\"widget\" data-widget_type=\"image.default\">\n\t\t\t\t<div class=\"elementor-widget-container\">\n\t\t\t\t\t\t\t\t\t\t\t\t\t<img loading=\"lazy\" decoding=\"async\" width=\"300\" height=\"169\" src=\"https:\/\/facqui.unitru.edu.pe\/programa-ambiental\/wp-content\/uploads\/sites\/4\/2020\/03\/03_planta-de-tratamiento-de-agua-300x169.jpg\" class=\"attachment-medium size-medium wp-image-213\" alt=\"\" srcset=\"https:\/\/facqui.unitru.edu.pe\/programa-ambiental\/wp-content\/uploads\/sites\/4\/2020\/03\/03_planta-de-tratamiento-de-agua-300x169.jpg 300w, https:\/\/facqui.unitru.edu.pe\/programa-ambiental\/wp-content\/uploads\/sites\/4\/2020\/03\/03_planta-de-tratamiento-de-agua-1024x576.jpg 1024w, https:\/\/facqui.unitru.edu.pe\/programa-ambiental\/wp-content\/uploads\/sites\/4\/2020\/03\/03_planta-de-tratamiento-de-agua-768x432.jpg 768w, https:\/\/facqui.unitru.edu.pe\/programa-ambiental\/wp-content\/uploads\/sites\/4\/2020\/03\/03_planta-de-tratamiento-de-agua.jpg 1200w\" sizes=\"(max-width: 300px) 100vw, 300px\" \/>\t\t\t\t\t\t\t\t\t\t\t\t\t<\/div>\n\t\t\t\t<\/div>\n\t\t\t\t<div class=\"elementor-element elementor-element-3c5fd16 elementor-widget elementor-widget-image\" data-id=\"3c5fd16\" data-element_type=\"widget\" data-widget_type=\"image.default\">\n\t\t\t\t<div class=\"elementor-widget-container\">\n\t\t\t\t\t\t\t\t\t\t\t\t\t<img loading=\"lazy\" decoding=\"async\" width=\"300\" height=\"114\" src=\"https:\/\/facqui.unitru.edu.pe\/programa-ambiental\/wp-content\/uploads\/sites\/4\/2020\/03\/04_Proyectos-ambientales_jpg-300x114.jpg\" class=\"attachment-medium size-medium wp-image-214\" alt=\"\" srcset=\"https:\/\/facqui.unitru.edu.pe\/programa-ambiental\/wp-content\/uploads\/sites\/4\/2020\/03\/04_Proyectos-ambientales_jpg-300x114.jpg 300w, https:\/\/facqui.unitru.edu.pe\/programa-ambiental\/wp-content\/uploads\/sites\/4\/2020\/03\/04_Proyectos-ambientales_jpg.jpg 512w\" sizes=\"(max-width: 300px) 100vw, 300px\" \/>\t\t\t\t\t\t\t\t\t\t\t\t\t<\/div>\n\t\t\t\t<\/div>\n\t\t\t\t\t<\/div>\n\t\t<\/div>\n\t\t\t\t<div class=\"elementor-column elementor-col-50 elementor-top-column elementor-element elementor-element-1e3bd58\" data-id=\"1e3bd58\" data-element_type=\"column\">\n\t\t\t<div class=\"elementor-widget-wrap elementor-element-populated\">\n\t\t\t\t\t\t<div class=\"elementor-element elementor-element-729464c cuadrotexto elementor-widget elementor-widget-text-editor\" data-id=\"729464c\" data-element_type=\"widget\" data-widget_type=\"text-editor.default\">\n\t\t\t\t<div class=\"elementor-widget-container\">\n\t\t\t\t\t\t\t<fieldset>\n<legend>Objetivos Educacionales<\/legend>\n<p>Los Objetivos Educacionales del Programa de Ingenier\u00eda Ambiental tienen el prop\u00f3sito de formar al egresado con principios \u00e9ticos y con responsabilidad para el desempe\u00f1o profesional, quedando definido que, nuestro egresado despu\u00e9s de cuatro a\u00f1os de graduarse:<\/p>\n<ul>\n<li>Desarrolla sus capacidades para dise\u00f1ar, planificar, operar y gestionar los procesos en plantas de tratamiento seg\u00fan la normatividad ambiental vigente.<\/li>\n<li>Planifica, dise\u00f1a y ejecuta proyectos ambientales en el sector p\u00fablico o privado que contribuyan al desarrollo sostenible a nivel nacional, regional y local.<\/li>\n<li>Se desempe\u00f1a en actividades productivas y\/o acad\u00e9micas que utilizan habilidades de Ingenier\u00eda Ambiental.<\/li>\n<li>Lidera grupos multidisciplinarios en Ingenier\u00eda Ambiental para la investigaci\u00f3n e innovaci\u00f3n, que respondan a los desaf\u00edos de un entorno en constante cambio con el conocimiento y la tecnolog\u00eda m\u00e1s actuales.<\/li>\n<\/ul>\n<\/fieldset>\t\t\t\t\t\t<\/div>\n\t\t\t\t<\/div>\n\t\t\t\t\t<\/div>\n\t\t<\/div>\n\t\t\t\t\t<\/div>\n\t\t<\/section>\n\t\t\t\t<section class=\"elementor-section elementor-top-section elementor-element elementor-element-3e3be5d elementor-section-boxed elementor-section-height-default elementor-section-height-default\" data-id=\"3e3be5d\" data-element_type=\"section\" data-settings=\"{&quot;background_background&quot;:&quot;classic&quot;}\">\n\t\t\t\t\t\t<div class=\"elementor-container elementor-column-gap-default\">\n\t\t\t\t\t<div class=\"elementor-column elementor-col-100 elementor-top-column elementor-element elementor-element-bd60957\" data-id=\"bd60957\" data-element_type=\"column\">\n\t\t\t<div class=\"elementor-widget-wrap elementor-element-populated\">\n\t\t\t\t\t\t<div class=\"elementor-element elementor-element-3f62d21 elementor-align-center elementor-widget elementor-widget-button\" data-id=\"3f62d21\" data-element_type=\"widget\" data-settings=\"{&quot;_animation&quot;:&quot;none&quot;}\" data-widget_type=\"button.default\">\n\t\t\t\t<div class=\"elementor-widget-container\">\n\t\t\t\t\t<div class=\"elementor-button-wrapper\">\n\t\t\t<a class=\"elementor-button elementor-button-link elementor-size-md elementor-animation-grow\" href=\"https:\/\/facqui.unitru.edu.pe\/programa-ambiental\/\">\n\t\t\t\t\t\t<span class=\"elementor-button-content-wrapper\">\n\t\t\t\t\t\t<span class=\"elementor-button-icon elementor-align-icon-left\">\n\t\t\t\t<i aria-hidden=\"true\" class=\"far fa-arrow-alt-circle-left\"><\/i>\t\t\t<\/span>\n\t\t\t\t\t\t<span class=\"elementor-button-text\">VOLVER A INICIO<\/span>\n\t\t<\/span>\n\t\t\t\t\t<\/a>\n\t\t<\/div>\n\t\t\t\t<\/div>\n\t\t\t\t<\/div>\n\t\t\t\t\t<\/div>\n\t\t<\/div>\n\t\t\t\t\t<\/div>\n\t\t<\/section>\n\t\t\t\t<\/div>\n\t\t","protected":false},"excerpt":{"rendered":"<p>Descripci\u00f3n de la Carrera El Programa de Educaci\u00f3n Superior de Ingenier\u00eda Ambiental que se ofrece a los postulantes, se enmarca en la formaci\u00f3n de los estudiantes para diagnosticar, dise\u00f1ar, implementar, investigar, administrar y emprender las posibles soluciones a necesidades que se presenten en la sociedad en las respectivas \u00e1reas de trabajo. Esta carrera beneficia a [&hellip;]<\/p>\n","protected":false},"author":1,"featured_media":0,"parent":0,"menu_order":0,"comment_status":"closed","ping_status":"closed","template":"","meta":{"site-sidebar-layout":"no-sidebar","site-content-layout":"page-builder","ast-site-content-layout":"","site-content-style":"default","site-sidebar-style":"default","ast-global-header-display":"","ast-banner-title-visibility":"","ast-main-header-display":"","ast-hfb-above-header-display":"","ast-hfb-below-header-display":"","ast-hfb-mobile-header-display":"","site-post-title":"disabled","ast-breadcrumbs-content":"","ast-featured-img":"disabled","footer-sml-layout":"","theme-transparent-header-meta":"default","adv-header-id-meta":"","stick-header-meta":"default","header-above-stick-meta":"","header-main-stick-meta":"","header-below-stick-meta":"","astra-migrate-meta-layouts":"default","ast-page-background-enabled":"default","ast-page-background-meta":{"desktop":{"background-color":"","background-image":"","background-repeat":"repeat","background-position":"center center","background-size":"auto","background-attachment":"scroll","background-type":"","background-media":"","overlay-type":"","overlay-color":"","overlay-gradient":""},"tablet":{"background-color":"","background-image":"","background-repeat":"repeat","background-position":"center center","background-size":"auto","background-attachment":"scroll","background-type":"","background-media":"","overlay-type":"","overlay-color":"","overlay-gradient":""},"mobile":{"background-color":"","background-image":"","background-repeat":"repeat","background-position":"center center","background-size":"auto","background-attachment":"scroll","background-type":"","background-media":"","overlay-type":"","overlay-color":"","overlay-gradient":""}},"ast-content-background-meta":{"desktop":{"background-color":"var(--ast-global-color-5)","background-image":"","background-repeat":"repeat","background-position":"center center","background-size":"auto","background-attachment":"scroll","background-type":"","background-media":"","overlay-type":"","overlay-color":"","overlay-gradient":""},"tablet":{"background-color":"var(--ast-global-color-5)","background-image":"","background-repeat":"repeat","background-position":"center center","background-size":"auto","background-attachment":"scroll","background-type":"","background-media":"","overlay-type":"","overlay-color":"","overlay-gradient":""},"mobile":{"background-color":"var(--ast-global-color-5)","background-image":"","background-repeat":"repeat","background-position":"center center","background-size":"auto","background-attachment":"scroll","background-type":"","background-media":"","overlay-type":"","overlay-color":"","overlay-gradient":""}},"footnotes":""},"_links":{"self":[{"href":"https:\/\/facqui.unitru.edu.pe\/programa-ambiental\/wp-json\/wp\/v2\/pages\/31"}],"collection":[{"href":"https:\/\/facqui.unitru.edu.pe\/programa-ambiental\/wp-json\/wp\/v2\/pages"}],"about":[{"href":"https:\/\/facqui.unitru.edu.pe\/programa-ambiental\/wp-json\/wp\/v2\/types\/page"}],"author":[{"embeddable":true,"href":"https:\/\/facqui.unitru.edu.pe\/programa-ambiental\/wp-json\/wp\/v2\/users\/1"}],"replies":[{"embeddable":true,"href":"https:\/\/facqui.unitru.edu.pe\/programa-ambiental\/wp-json\/wp\/v2\/comments?post=31"}],"version-history":[{"count":70,"href":"https:\/\/facqui.unitru.edu.pe\/programa-ambiental\/wp-json\/wp\/v2\/pages\/31\/revisions"}],"predecessor-version":[{"id":2149,"href":"https:\/\/facqui.unitru.edu.pe\/programa-ambiental\/wp-json\/wp\/v2\/pages\/31\/revisions\/2149"}],"wp:attachment":[{"href":"https:\/\/facqui.unitru.edu.pe\/programa-ambiental\/wp-json\/wp\/v2\/media?parent=31"}],"curies":[{"name":"wp","href":"https:\/\/api.w.org\/{rel}","templated":true}]}}