{"id":32,"date":"2020-03-01T18:26:53","date_gmt":"2020-03-01T18:26:53","guid":{"rendered":"https:\/\/facqui.unitru.edu.pe\/programa-ambiental\/?page_id=32"},"modified":"2024-09-25T13:53:54","modified_gmt":"2024-09-25T18:53:54","slug":"perfil-del-ingresante","status":"publish","type":"page","link":"https:\/\/facqui.unitru.edu.pe\/programa-ambiental\/perfil-del-ingresante\/","title":{"rendered":"Perfil del Ingresante"},"content":{"rendered":"\t\t<div data-elementor-type=\"wp-page\" data-elementor-id=\"32\" class=\"elementor elementor-32\">\n\t\t\t\t\t\t<section class=\"elementor-section elementor-top-section elementor-element elementor-element-d5332ce elementor-section-height-min-height elementor-section-boxed elementor-section-height-default elementor-section-items-middle\" data-id=\"d5332ce\" data-element_type=\"section\" data-settings=\"{&quot;background_background&quot;:&quot;classic&quot;}\">\n\t\t\t\t\t\t\t<div class=\"elementor-background-overlay\"><\/div>\n\t\t\t\t\t\t\t<div class=\"elementor-container elementor-column-gap-default\">\n\t\t\t\t\t<div class=\"elementor-column elementor-col-100 elementor-top-column elementor-element elementor-element-35f81e7\" data-id=\"35f81e7\" data-element_type=\"column\">\n\t\t\t<div class=\"elementor-widget-wrap\">\n\t\t\t\t\t\t\t<\/div>\n\t\t<\/div>\n\t\t\t\t\t<\/div>\n\t\t<\/section>\n\t\t\t\t<section class=\"elementor-section elementor-top-section elementor-element elementor-element-65f379c elementor-section-boxed elementor-section-height-default elementor-section-height-default\" data-id=\"65f379c\" data-element_type=\"section\">\n\t\t\t\t\t\t<div class=\"elementor-container elementor-column-gap-default\">\n\t\t\t\t\t<div class=\"elementor-column elementor-col-100 elementor-top-column elementor-element elementor-element-37c7f1c\" data-id=\"37c7f1c\" data-element_type=\"column\">\n\t\t\t<div class=\"elementor-widget-wrap elementor-element-populated\">\n\t\t\t\t\t\t<div class=\"elementor-element elementor-element-4319741 elementor-widget elementor-widget-spacer\" data-id=\"4319741\" data-element_type=\"widget\" data-widget_type=\"spacer.default\">\n\t\t\t\t<div class=\"elementor-widget-container\">\n\t\t\t\t\t<div class=\"elementor-spacer\">\n\t\t\t<div class=\"elementor-spacer-inner\"><\/div>\n\t\t<\/div>\n\t\t\t\t<\/div>\n\t\t\t\t<\/div>\n\t\t\t\t\t<\/div>\n\t\t<\/div>\n\t\t\t\t\t<\/div>\n\t\t<\/section>\n\t\t\t\t<section class=\"elementor-section elementor-top-section elementor-element elementor-element-ed052f3 elementor-section-boxed elementor-section-height-default elementor-section-height-default\" data-id=\"ed052f3\" data-element_type=\"section\">\n\t\t\t\t\t\t<div class=\"elementor-container elementor-column-gap-default\">\n\t\t\t\t\t<div class=\"elementor-column elementor-col-50 elementor-top-column elementor-element elementor-element-5e904e1\" data-id=\"5e904e1\" data-element_type=\"column\">\n\t\t\t<div class=\"elementor-widget-wrap elementor-element-populated\">\n\t\t\t\t\t\t<div class=\"elementor-element elementor-element-26fa632 cuadrotexto elementor-widget elementor-widget-text-editor\" data-id=\"26fa632\" data-element_type=\"widget\" data-widget_type=\"text-editor.default\">\n\t\t\t\t<div class=\"elementor-widget-container\">\n\t\t\t\t\t\t\t<fieldset><legend>Perfil del Ingresante<\/legend><p>Es necesario que el ingresante a este programa se encuentre interesado por la ingenier\u00eda ambiental, la investigaci\u00f3n y pueda acreditar un buen rendimiento acad\u00e9mico; asimismo, se encuentre interesado por los descubrimientos cient\u00edficos y capacidad para trabajar en equipo y adem\u00e1s reunir las siguientes caracter\u00edsticas:<\/p><p><strong>CAPACIDADES B\u00c1SICAS<\/strong>:<\/p><ul><li>Razonamiento verbal.<\/li><li>Razonamiento matem\u00e1tico.<\/li><li>Ciencia, tecnolog\u00eda y ambiente.<\/li><li>Biolog\u00eda, f\u00edsica y qu\u00edmica.<\/li><\/ul><p><strong>PROCEDIMENTAL<\/strong>:<\/p><ul><li>Capacidad de an\u00e1lisis y s\u00edntesis.<\/li><li>Capacidad de argumentaci\u00f3n.<\/li><li>Capacidad b\u00e1sica en el manejo de TICs.<\/li><li>Capacidad para la comprensi\u00f3n de textos.<\/li><\/ul><p><strong>ACTITUDES<\/strong>:<\/p><ul><li>Tener vocaci\u00f3n y motivaci\u00f3n.<\/li><li>Trabajar dentro de las normas establecidas.<\/li><li>Respeto a su persona y hacia los dem\u00e1s.<\/li><li>Actitud para trabajar en equipo.<\/li><li>Capacidad para tomar decisiones frente a nuevas situaciones.<\/li><li>Ser perseverante para alcanzar sus metas.<\/li><li>Habilidad en comunicaci\u00f3n oral y escrita.<\/li><li>Capacidad de liderazgo.<\/li><li>Demostrar responsabilidad, honestidad y amabilidad.<\/li><\/ul><\/fieldset>\t\t\t\t\t\t<\/div>\n\t\t\t\t<\/div>\n\t\t\t\t\t<\/div>\n\t\t<\/div>\n\t\t\t\t<div class=\"elementor-column elementor-col-50 elementor-top-column elementor-element elementor-element-a6ad070\" data-id=\"a6ad070\" data-element_type=\"column\">\n\t\t\t<div class=\"elementor-widget-wrap elementor-element-populated\">\n\t\t\t\t\t\t<div class=\"elementor-element elementor-element-9d9bde6 elementor-widget elementor-widget-image\" data-id=\"9d9bde6\" data-element_type=\"widget\" data-widget_type=\"image.default\">\n\t\t\t\t<div class=\"elementor-widget-container\">\n\t\t\t\t\t\t\t\t\t\t\t\t\t<img decoding=\"async\" width=\"300\" height=\"150\" src=\"https:\/\/facqui.unitru.edu.pe\/programa-ambiental\/wp-content\/uploads\/sites\/4\/2020\/03\/01-1-300x150.jpg\" class=\"attachment-medium size-medium wp-image-245\" alt=\"\" srcset=\"https:\/\/facqui.unitru.edu.pe\/programa-ambiental\/wp-content\/uploads\/sites\/4\/2020\/03\/01-1-300x150.jpg 300w, https:\/\/facqui.unitru.edu.pe\/programa-ambiental\/wp-content\/uploads\/sites\/4\/2020\/03\/01-1.jpg 753w\" sizes=\"(max-width: 300px) 100vw, 300px\" \/>\t\t\t\t\t\t\t\t\t\t\t\t\t<\/div>\n\t\t\t\t<\/div>\n\t\t\t\t<div class=\"elementor-element elementor-element-0d7e826 elementor-widget elementor-widget-image\" data-id=\"0d7e826\" data-element_type=\"widget\" data-widget_type=\"image.default\">\n\t\t\t\t<div class=\"elementor-widget-container\">\n\t\t\t\t\t\t\t\t\t\t\t\t\t<img fetchpriority=\"high\" decoding=\"async\" width=\"300\" height=\"200\" src=\"https:\/\/facqui.unitru.edu.pe\/programa-ambiental\/wp-content\/uploads\/sites\/4\/2020\/03\/02-300x200.jpg\" class=\"attachment-medium size-medium wp-image-246\" alt=\"\" srcset=\"https:\/\/facqui.unitru.edu.pe\/programa-ambiental\/wp-content\/uploads\/sites\/4\/2020\/03\/02-300x200.jpg 300w, https:\/\/facqui.unitru.edu.pe\/programa-ambiental\/wp-content\/uploads\/sites\/4\/2020\/03\/02-768x511.jpg 768w, https:\/\/facqui.unitru.edu.pe\/programa-ambiental\/wp-content\/uploads\/sites\/4\/2020\/03\/02.jpg 849w\" sizes=\"(max-width: 300px) 100vw, 300px\" \/>\t\t\t\t\t\t\t\t\t\t\t\t\t<\/div>\n\t\t\t\t<\/div>\n\t\t\t\t<div class=\"elementor-element elementor-element-54dfafd elementor-widget elementor-widget-image\" data-id=\"54dfafd\" data-element_type=\"widget\" data-widget_type=\"image.default\">\n\t\t\t\t<div class=\"elementor-widget-container\">\n\t\t\t\t\t\t\t\t\t\t\t\t\t<img decoding=\"async\" width=\"300\" height=\"168\" src=\"https:\/\/facqui.unitru.edu.pe\/programa-ambiental\/wp-content\/uploads\/sites\/4\/2020\/03\/03-300x168.jpg\" class=\"attachment-medium size-medium wp-image-247\" alt=\"\" srcset=\"https:\/\/facqui.unitru.edu.pe\/programa-ambiental\/wp-content\/uploads\/sites\/4\/2020\/03\/03-300x168.jpg 300w, https:\/\/facqui.unitru.edu.pe\/programa-ambiental\/wp-content\/uploads\/sites\/4\/2020\/03\/03-1024x575.jpg 1024w, https:\/\/facqui.unitru.edu.pe\/programa-ambiental\/wp-content\/uploads\/sites\/4\/2020\/03\/03-768x431.jpg 768w, https:\/\/facqui.unitru.edu.pe\/programa-ambiental\/wp-content\/uploads\/sites\/4\/2020\/03\/03.jpg 1338w\" sizes=\"(max-width: 300px) 100vw, 300px\" \/>\t\t\t\t\t\t\t\t\t\t\t\t\t<\/div>\n\t\t\t\t<\/div>\n\t\t\t\t<div class=\"elementor-element elementor-element-d8f236a elementor-widget elementor-widget-image\" data-id=\"d8f236a\" data-element_type=\"widget\" data-widget_type=\"image.default\">\n\t\t\t\t<div class=\"elementor-widget-container\">\n\t\t\t\t\t\t\t\t\t\t\t\t\t<img loading=\"lazy\" decoding=\"async\" width=\"300\" height=\"169\" src=\"https:\/\/facqui.unitru.edu.pe\/programa-ambiental\/wp-content\/uploads\/sites\/4\/2020\/03\/04-300x169.jpg\" class=\"attachment-medium size-medium wp-image-248\" alt=\"\" srcset=\"https:\/\/facqui.unitru.edu.pe\/programa-ambiental\/wp-content\/uploads\/sites\/4\/2020\/03\/04-300x169.jpg 300w, https:\/\/facqui.unitru.edu.pe\/programa-ambiental\/wp-content\/uploads\/sites\/4\/2020\/03\/04.jpg 512w\" sizes=\"(max-width: 300px) 100vw, 300px\" \/>\t\t\t\t\t\t\t\t\t\t\t\t\t<\/div>\n\t\t\t\t<\/div>\n\t\t\t\t<div class=\"elementor-element elementor-element-d08cef4 elementor-widget elementor-widget-image\" data-id=\"d08cef4\" data-element_type=\"widget\" data-widget_type=\"image.default\">\n\t\t\t\t<div class=\"elementor-widget-container\">\n\t\t\t\t\t\t\t\t\t\t\t\t\t<img loading=\"lazy\" decoding=\"async\" width=\"300\" height=\"200\" src=\"https:\/\/facqui.unitru.edu.pe\/programa-ambiental\/wp-content\/uploads\/sites\/4\/2020\/03\/05-1-300x200.jpg\" class=\"attachment-medium size-medium wp-image-249\" alt=\"\" srcset=\"https:\/\/facqui.unitru.edu.pe\/programa-ambiental\/wp-content\/uploads\/sites\/4\/2020\/03\/05-1-300x200.jpg 300w, https:\/\/facqui.unitru.edu.pe\/programa-ambiental\/wp-content\/uploads\/sites\/4\/2020\/03\/05-1.jpg 500w\" sizes=\"(max-width: 300px) 100vw, 300px\" \/>\t\t\t\t\t\t\t\t\t\t\t\t\t<\/div>\n\t\t\t\t<\/div>\n\t\t\t\t<div class=\"elementor-element elementor-element-bd68a89 elementor-widget elementor-widget-image\" data-id=\"bd68a89\" data-element_type=\"widget\" data-widget_type=\"image.default\">\n\t\t\t\t<div class=\"elementor-widget-container\">\n\t\t\t\t\t\t\t\t\t\t\t\t\t<img loading=\"lazy\" decoding=\"async\" width=\"300\" height=\"157\" src=\"https:\/\/facqui.unitru.edu.pe\/programa-ambiental\/wp-content\/uploads\/sites\/4\/2021\/01\/03-300x157.png\" class=\"attachment-medium size-medium wp-image-875\" alt=\"\" srcset=\"https:\/\/facqui.unitru.edu.pe\/programa-ambiental\/wp-content\/uploads\/sites\/4\/2021\/01\/03-300x157.png 300w, https:\/\/facqui.unitru.edu.pe\/programa-ambiental\/wp-content\/uploads\/sites\/4\/2021\/01\/03-1024x536.png 1024w, https:\/\/facqui.unitru.edu.pe\/programa-ambiental\/wp-content\/uploads\/sites\/4\/2021\/01\/03-768x402.png 768w, https:\/\/facqui.unitru.edu.pe\/programa-ambiental\/wp-content\/uploads\/sites\/4\/2021\/01\/03.png 1200w\" sizes=\"(max-width: 300px) 100vw, 300px\" \/>\t\t\t\t\t\t\t\t\t\t\t\t\t<\/div>\n\t\t\t\t<\/div>\n\t\t\t\t\t<\/div>\n\t\t<\/div>\n\t\t\t\t\t<\/div>\n\t\t<\/section>\n\t\t\t\t<section class=\"elementor-section elementor-top-section elementor-element elementor-element-436c716 elementor-section-boxed elementor-section-height-default elementor-section-height-default\" data-id=\"436c716\" data-element_type=\"section\">\n\t\t\t\t\t\t<div class=\"elementor-container elementor-column-gap-default\">\n\t\t\t\t\t<div class=\"elementor-column elementor-col-33 elementor-top-column elementor-element elementor-element-285eec6\" data-id=\"285eec6\" data-element_type=\"column\">\n\t\t\t<div class=\"elementor-widget-wrap elementor-element-populated\">\n\t\t\t\t\t\t<div class=\"elementor-element elementor-element-df93db6 elementor-widget elementor-widget-heading\" data-id=\"df93db6\" data-element_type=\"widget\" data-widget_type=\"heading.default\">\n\t\t\t\t<div class=\"elementor-widget-container\">\n\t\t\t<h2 class=\"elementor-heading-title elementor-size-default\">DURACI\u00d3N DE LOS ESTUDIOS<\/h2>\t\t<\/div>\n\t\t\t\t<\/div>\n\t\t\t\t<div class=\"elementor-element elementor-element-17b053c elementor-widget elementor-widget-text-editor\" data-id=\"17b053c\" data-element_type=\"widget\" data-widget_type=\"text-editor.default\">\n\t\t\t\t<div class=\"elementor-widget-container\">\n\t\t\t\t\t\t\t<p>10 Semestres Acad\u00e9micos<\/p>\t\t\t\t\t\t<\/div>\n\t\t\t\t<\/div>\n\t\t\t\t\t<\/div>\n\t\t<\/div>\n\t\t\t\t<div class=\"elementor-column elementor-col-33 elementor-top-column elementor-element elementor-element-6a68e54\" data-id=\"6a68e54\" data-element_type=\"column\">\n\t\t\t<div class=\"elementor-widget-wrap elementor-element-populated\">\n\t\t\t\t\t\t<div class=\"elementor-element elementor-element-30d69e9 elementor-widget elementor-widget-heading\" data-id=\"30d69e9\" data-element_type=\"widget\" data-widget_type=\"heading.default\">\n\t\t\t\t<div class=\"elementor-widget-container\">\n\t\t\t<h2 class=\"elementor-heading-title elementor-size-default\">GRADO ACAD\u00c9MICO<\/h2>\t\t<\/div>\n\t\t\t\t<\/div>\n\t\t\t\t<div class=\"elementor-element elementor-element-cf83792 elementor-widget elementor-widget-text-editor\" data-id=\"cf83792\" data-element_type=\"widget\" data-widget_type=\"text-editor.default\">\n\t\t\t\t<div class=\"elementor-widget-container\">\n\t\t\t\t\t\t\t<p>Bachiller en Ingenier\u00eda Ambiental<\/p>\t\t\t\t\t\t<\/div>\n\t\t\t\t<\/div>\n\t\t\t\t\t<\/div>\n\t\t<\/div>\n\t\t\t\t<div class=\"elementor-column elementor-col-33 elementor-top-column elementor-element elementor-element-f7a0041\" data-id=\"f7a0041\" data-element_type=\"column\">\n\t\t\t<div class=\"elementor-widget-wrap elementor-element-populated\">\n\t\t\t\t\t\t<div class=\"elementor-element elementor-element-c44317f elementor-widget elementor-widget-heading\" data-id=\"c44317f\" data-element_type=\"widget\" data-widget_type=\"heading.default\">\n\t\t\t\t<div class=\"elementor-widget-container\">\n\t\t\t<h2 class=\"elementor-heading-title elementor-size-default\">T\u00cdTULO PROFESIONAL<\/h2>\t\t<\/div>\n\t\t\t\t<\/div>\n\t\t\t\t<div class=\"elementor-element elementor-element-04a4c86 elementor-widget elementor-widget-text-editor\" data-id=\"04a4c86\" data-element_type=\"widget\" data-widget_type=\"text-editor.default\">\n\t\t\t\t<div class=\"elementor-widget-container\">\n\t\t\t\t\t\t\t<p>Ingeniero Ambiental<\/p>\t\t\t\t\t\t<\/div>\n\t\t\t\t<\/div>\n\t\t\t\t\t<\/div>\n\t\t<\/div>\n\t\t\t\t\t<\/div>\n\t\t<\/section>\n\t\t\t\t<section class=\"elementor-section elementor-top-section elementor-element elementor-element-091844e elementor-section-boxed elementor-section-height-default elementor-section-height-default\" data-id=\"091844e\" data-element_type=\"section\">\n\t\t\t\t\t\t<div class=\"elementor-container elementor-column-gap-default\">\n\t\t\t\t\t<div class=\"elementor-column elementor-col-100 elementor-top-column elementor-element elementor-element-4a2c7a6\" data-id=\"4a2c7a6\" data-element_type=\"column\">\n\t\t\t<div class=\"elementor-widget-wrap elementor-element-populated\">\n\t\t\t\t\t\t<div class=\"elementor-element elementor-element-ebecaf5 elementor-align-center elementor-widget elementor-widget-global elementor-global-221 elementor-widget-button\" data-id=\"ebecaf5\" data-element_type=\"widget\" data-settings=\"{&quot;_animation&quot;:&quot;none&quot;}\" data-widget_type=\"button.default\">\n\t\t\t\t<div class=\"elementor-widget-container\">\n\t\t\t\t\t<div class=\"elementor-button-wrapper\">\n\t\t\t<a class=\"elementor-button elementor-button-link elementor-size-md elementor-animation-grow\" href=\"https:\/\/facqui.unitru.edu.pe\/programa-ambiental\/\">\n\t\t\t\t\t\t<span class=\"elementor-button-content-wrapper\">\n\t\t\t\t\t\t<span class=\"elementor-button-icon elementor-align-icon-left\">\n\t\t\t\t<i aria-hidden=\"true\" class=\"far fa-arrow-alt-circle-left\"><\/i>\t\t\t<\/span>\n\t\t\t\t\t\t<span class=\"elementor-button-text\">VOLVER A INICIO<\/span>\n\t\t<\/span>\n\t\t\t\t\t<\/a>\n\t\t<\/div>\n\t\t\t\t<\/div>\n\t\t\t\t<\/div>\n\t\t\t\t\t<\/div>\n\t\t<\/div>\n\t\t\t\t\t<\/div>\n\t\t<\/section>\n\t\t\t\t<\/div>\n\t\t","protected":false},"excerpt":{"rendered":"<p>Perfil del Ingresante Es necesario que el ingresante a este programa se encuentre interesado por la ingenier\u00eda ambiental, la investigaci\u00f3n y pueda acreditar un buen rendimiento acad\u00e9mico; asimismo, se encuentre interesado por los descubrimientos cient\u00edficos y capacidad para trabajar en equipo y adem\u00e1s reunir las siguientes caracter\u00edsticas: CAPACIDADES B\u00c1SICAS: Razonamiento verbal. Razonamiento matem\u00e1tico. Ciencia, tecnolog\u00eda [&hellip;]<\/p>\n","protected":false},"author":1,"featured_media":0,"parent":0,"menu_order":0,"comment_status":"closed","ping_status":"closed","template":"","meta":{"site-sidebar-layout":"no-sidebar","site-content-layout":"page-builder","ast-site-content-layout":"","site-content-style":"default","site-sidebar-style":"default","ast-global-header-display":"","ast-banner-title-visibility":"","ast-main-header-display":"","ast-hfb-above-header-display":"","ast-hfb-below-header-display":"","ast-hfb-mobile-header-display":"","site-post-title":"disabled","ast-breadcrumbs-content":"","ast-featured-img":"disabled","footer-sml-layout":"","theme-transparent-header-meta":"default","adv-header-id-meta":"","stick-header-meta":"default","header-above-stick-meta":"","header-main-stick-meta":"","header-below-stick-meta":"","astra-migrate-meta-layouts":"default","ast-page-background-enabled":"default","ast-page-background-meta":{"desktop":{"background-color":"","background-image":"","background-repeat":"repeat","background-position":"center center","background-size":"auto","background-attachment":"scroll","background-type":"","background-media":"","overlay-type":"","overlay-color":"","overlay-gradient":""},"tablet":{"background-color":"","background-image":"","background-repeat":"repeat","background-position":"center center","background-size":"auto","background-attachment":"scroll","background-type":"","background-media":"","overlay-type":"","overlay-color":"","overlay-gradient":""},"mobile":{"background-color":"","background-image":"","background-repeat":"repeat","background-position":"center center","background-size":"auto","background-attachment":"scroll","background-type":"","background-media":"","overlay-type":"","overlay-color":"","overlay-gradient":""}},"ast-content-background-meta":{"desktop":{"background-color":"var(--ast-global-color-5)","background-image":"","background-repeat":"repeat","background-position":"center center","background-size":"auto","background-attachment":"scroll","background-type":"","background-media":"","overlay-type":"","overlay-color":"","overlay-gradient":""},"tablet":{"background-color":"var(--ast-global-color-5)","background-image":"","background-repeat":"repeat","background-position":"center center","background-size":"auto","background-attachment":"scroll","background-type":"","background-media":"","overlay-type":"","overlay-color":"","overlay-gradient":""},"mobile":{"background-color":"var(--ast-global-color-5)","background-image":"","background-repeat":"repeat","background-position":"center center","background-size":"auto","background-attachment":"scroll","background-type":"","background-media":"","overlay-type":"","overlay-color":"","overlay-gradient":""}},"footnotes":""},"_links":{"self":[{"href":"https:\/\/facqui.unitru.edu.pe\/programa-ambiental\/wp-json\/wp\/v2\/pages\/32"}],"collection":[{"href":"https:\/\/facqui.unitru.edu.pe\/programa-ambiental\/wp-json\/wp\/v2\/pages"}],"about":[{"href":"https:\/\/facqui.unitru.edu.pe\/programa-ambiental\/wp-json\/wp\/v2\/types\/page"}],"author":[{"embeddable":true,"href":"https:\/\/facqui.unitru.edu.pe\/programa-ambiental\/wp-json\/wp\/v2\/users\/1"}],"replies":[{"embeddable":true,"href":"https:\/\/facqui.unitru.edu.pe\/programa-ambiental\/wp-json\/wp\/v2\/comments?post=32"}],"version-history":[{"count":24,"href":"https:\/\/facqui.unitru.edu.pe\/programa-ambiental\/wp-json\/wp\/v2\/pages\/32\/revisions"}],"predecessor-version":[{"id":2152,"href":"https:\/\/facqui.unitru.edu.pe\/programa-ambiental\/wp-json\/wp\/v2\/pages\/32\/revisions\/2152"}],"wp:attachment":[{"href":"https:\/\/facqui.unitru.edu.pe\/programa-ambiental\/wp-json\/wp\/v2\/media?parent=32"}],"curies":[{"name":"wp","href":"https:\/\/api.w.org\/{rel}","templated":true}]}}