{"id":33,"date":"2020-03-01T18:26:53","date_gmt":"2020-03-01T18:26:53","guid":{"rendered":"https:\/\/facqui.unitru.edu.pe\/programa-ambiental\/?page_id=33"},"modified":"2024-09-25T13:58:01","modified_gmt":"2024-09-25T18:58:01","slug":"perfil-del-estudiante","status":"publish","type":"page","link":"https:\/\/facqui.unitru.edu.pe\/programa-ambiental\/perfil-del-estudiante\/","title":{"rendered":"Deberes y Derechos"},"content":{"rendered":"\t\t<div data-elementor-type=\"wp-page\" data-elementor-id=\"33\" class=\"elementor elementor-33\">\n\t\t\t\t\t\t<section class=\"elementor-section elementor-top-section elementor-element elementor-element-ca6e3e5 elementor-section-height-min-height elementor-section-boxed elementor-section-height-default elementor-section-items-middle\" data-id=\"ca6e3e5\" data-element_type=\"section\" data-settings=\"{&quot;background_background&quot;:&quot;classic&quot;}\">\n\t\t\t\t\t\t\t<div class=\"elementor-background-overlay\"><\/div>\n\t\t\t\t\t\t\t<div class=\"elementor-container elementor-column-gap-default\">\n\t\t\t\t\t<div class=\"elementor-column elementor-col-100 elementor-top-column elementor-element elementor-element-cb17aab\" data-id=\"cb17aab\" data-element_type=\"column\">\n\t\t\t<div class=\"elementor-widget-wrap\">\n\t\t\t\t\t\t\t<\/div>\n\t\t<\/div>\n\t\t\t\t\t<\/div>\n\t\t<\/section>\n\t\t\t\t<section class=\"elementor-section elementor-top-section elementor-element elementor-element-f1629f9 elementor-section-boxed elementor-section-height-default elementor-section-height-default\" data-id=\"f1629f9\" data-element_type=\"section\">\n\t\t\t\t\t\t<div class=\"elementor-container elementor-column-gap-default\">\n\t\t\t\t\t<div class=\"elementor-column elementor-col-100 elementor-top-column elementor-element elementor-element-bd966b7\" data-id=\"bd966b7\" data-element_type=\"column\">\n\t\t\t<div class=\"elementor-widget-wrap elementor-element-populated\">\n\t\t\t\t\t\t<div class=\"elementor-element elementor-element-df9e6d2 elementor-widget elementor-widget-spacer\" data-id=\"df9e6d2\" data-element_type=\"widget\" data-widget_type=\"spacer.default\">\n\t\t\t\t<div class=\"elementor-widget-container\">\n\t\t\t\t\t<div class=\"elementor-spacer\">\n\t\t\t<div class=\"elementor-spacer-inner\"><\/div>\n\t\t<\/div>\n\t\t\t\t<\/div>\n\t\t\t\t<\/div>\n\t\t\t\t\t<\/div>\n\t\t<\/div>\n\t\t\t\t\t<\/div>\n\t\t<\/section>\n\t\t\t\t<section class=\"elementor-section elementor-top-section elementor-element elementor-element-9c1251a elementor-section-boxed elementor-section-height-default elementor-section-height-default\" data-id=\"9c1251a\" data-element_type=\"section\">\n\t\t\t\t\t\t<div class=\"elementor-container elementor-column-gap-default\">\n\t\t\t\t\t<div class=\"elementor-column elementor-col-50 elementor-top-column elementor-element elementor-element-12ed04d\" data-id=\"12ed04d\" data-element_type=\"column\">\n\t\t\t<div class=\"elementor-widget-wrap elementor-element-populated\">\n\t\t\t\t\t\t<div class=\"elementor-element elementor-element-675e83a elementor-widget elementor-widget-image\" data-id=\"675e83a\" data-element_type=\"widget\" data-widget_type=\"image.default\">\n\t\t\t\t<div class=\"elementor-widget-container\">\n\t\t\t\t\t\t\t\t\t\t\t\t\t<img decoding=\"async\" width=\"300\" height=\"161\" src=\"https:\/\/facqui.unitru.edu.pe\/programa-ambiental\/wp-content\/uploads\/sites\/4\/2021\/01\/examen-de-admision-300x161.jpg\" class=\"attachment-medium size-medium wp-image-328\" alt=\"\" srcset=\"https:\/\/facqui.unitru.edu.pe\/programa-ambiental\/wp-content\/uploads\/sites\/4\/2021\/01\/examen-de-admision-300x161.jpg 300w, https:\/\/facqui.unitru.edu.pe\/programa-ambiental\/wp-content\/uploads\/sites\/4\/2021\/01\/examen-de-admision.jpg 744w\" sizes=\"(max-width: 300px) 100vw, 300px\" \/>\t\t\t\t\t\t\t\t\t\t\t\t\t<\/div>\n\t\t\t\t<\/div>\n\t\t\t\t<div class=\"elementor-element elementor-element-20963ca elementor-widget elementor-widget-image\" data-id=\"20963ca\" data-element_type=\"widget\" data-widget_type=\"image.default\">\n\t\t\t\t<div class=\"elementor-widget-container\">\n\t\t\t\t\t\t\t\t\t\t\t\t\t<img fetchpriority=\"high\" decoding=\"async\" width=\"300\" height=\"200\" src=\"https:\/\/facqui.unitru.edu.pe\/programa-ambiental\/wp-content\/uploads\/sites\/4\/2021\/01\/proceso-de-matricula-300x200.jpg\" class=\"attachment-medium size-medium wp-image-329\" alt=\"\" srcset=\"https:\/\/facqui.unitru.edu.pe\/programa-ambiental\/wp-content\/uploads\/sites\/4\/2021\/01\/proceso-de-matricula-300x200.jpg 300w, https:\/\/facqui.unitru.edu.pe\/programa-ambiental\/wp-content\/uploads\/sites\/4\/2021\/01\/proceso-de-matricula-1024x683.jpg 1024w, https:\/\/facqui.unitru.edu.pe\/programa-ambiental\/wp-content\/uploads\/sites\/4\/2021\/01\/proceso-de-matricula-768x512.jpg 768w, https:\/\/facqui.unitru.edu.pe\/programa-ambiental\/wp-content\/uploads\/sites\/4\/2021\/01\/proceso-de-matricula-1536x1024.jpg 1536w, https:\/\/facqui.unitru.edu.pe\/programa-ambiental\/wp-content\/uploads\/sites\/4\/2021\/01\/proceso-de-matricula-2048x1366.jpg 2048w\" sizes=\"(max-width: 300px) 100vw, 300px\" \/>\t\t\t\t\t\t\t\t\t\t\t\t\t<\/div>\n\t\t\t\t<\/div>\n\t\t\t\t<div class=\"elementor-element elementor-element-f6202d6 elementor-widget elementor-widget-image\" data-id=\"f6202d6\" data-element_type=\"widget\" data-widget_type=\"image.default\">\n\t\t\t\t<div class=\"elementor-widget-container\">\n\t\t\t\t\t\t\t\t\t\t\t\t\t<img decoding=\"async\" width=\"300\" height=\"168\" src=\"https:\/\/facqui.unitru.edu.pe\/programa-ambiental\/wp-content\/uploads\/sites\/4\/2020\/03\/03-300x168.jpg\" class=\"attachment-medium size-medium wp-image-247\" alt=\"\" srcset=\"https:\/\/facqui.unitru.edu.pe\/programa-ambiental\/wp-content\/uploads\/sites\/4\/2020\/03\/03-300x168.jpg 300w, https:\/\/facqui.unitru.edu.pe\/programa-ambiental\/wp-content\/uploads\/sites\/4\/2020\/03\/03-1024x575.jpg 1024w, https:\/\/facqui.unitru.edu.pe\/programa-ambiental\/wp-content\/uploads\/sites\/4\/2020\/03\/03-768x431.jpg 768w, https:\/\/facqui.unitru.edu.pe\/programa-ambiental\/wp-content\/uploads\/sites\/4\/2020\/03\/03.jpg 1338w\" sizes=\"(max-width: 300px) 100vw, 300px\" \/>\t\t\t\t\t\t\t\t\t\t\t\t\t<\/div>\n\t\t\t\t<\/div>\n\t\t\t\t<div class=\"elementor-element elementor-element-f8eaa45 elementor-widget elementor-widget-image\" data-id=\"f8eaa45\" data-element_type=\"widget\" data-widget_type=\"image.default\">\n\t\t\t\t<div class=\"elementor-widget-container\">\n\t\t\t\t\t\t\t\t\t\t\t\t\t<img loading=\"lazy\" decoding=\"async\" width=\"300\" height=\"169\" src=\"https:\/\/facqui.unitru.edu.pe\/programa-ambiental\/wp-content\/uploads\/sites\/4\/2021\/01\/innovacion-1_crop1474397570122.jpg_258117318-300x169.jpg\" class=\"attachment-medium size-medium wp-image-320\" alt=\"\" srcset=\"https:\/\/facqui.unitru.edu.pe\/programa-ambiental\/wp-content\/uploads\/sites\/4\/2021\/01\/innovacion-1_crop1474397570122.jpg_258117318-300x169.jpg 300w, https:\/\/facqui.unitru.edu.pe\/programa-ambiental\/wp-content\/uploads\/sites\/4\/2021\/01\/innovacion-1_crop1474397570122.jpg_258117318-768x432.jpg 768w, https:\/\/facqui.unitru.edu.pe\/programa-ambiental\/wp-content\/uploads\/sites\/4\/2021\/01\/innovacion-1_crop1474397570122.jpg_258117318.jpg 829w\" sizes=\"(max-width: 300px) 100vw, 300px\" \/>\t\t\t\t\t\t\t\t\t\t\t\t\t<\/div>\n\t\t\t\t<\/div>\n\t\t\t\t<div class=\"elementor-element elementor-element-4301ac9 elementor-widget elementor-widget-image\" data-id=\"4301ac9\" data-element_type=\"widget\" data-widget_type=\"image.default\">\n\t\t\t\t<div class=\"elementor-widget-container\">\n\t\t\t\t\t\t\t\t\t\t\t\t\t<img loading=\"lazy\" decoding=\"async\" width=\"300\" height=\"164\" src=\"https:\/\/facqui.unitru.edu.pe\/programa-ambiental\/wp-content\/uploads\/sites\/4\/2021\/01\/Para-los-sitemas-de-las-UNT-300x164.jpg\" class=\"attachment-medium size-medium wp-image-321\" alt=\"\" srcset=\"https:\/\/facqui.unitru.edu.pe\/programa-ambiental\/wp-content\/uploads\/sites\/4\/2021\/01\/Para-los-sitemas-de-las-UNT-300x164.jpg 300w, https:\/\/facqui.unitru.edu.pe\/programa-ambiental\/wp-content\/uploads\/sites\/4\/2021\/01\/Para-los-sitemas-de-las-UNT-768x420.jpg 768w, https:\/\/facqui.unitru.edu.pe\/programa-ambiental\/wp-content\/uploads\/sites\/4\/2021\/01\/Para-los-sitemas-de-las-UNT.jpg 1024w\" sizes=\"(max-width: 300px) 100vw, 300px\" \/>\t\t\t\t\t\t\t\t\t\t\t\t\t<\/div>\n\t\t\t\t<\/div>\n\t\t\t\t<div class=\"elementor-element elementor-element-1859409 elementor-widget elementor-widget-image\" data-id=\"1859409\" data-element_type=\"widget\" data-widget_type=\"image.default\">\n\t\t\t\t<div class=\"elementor-widget-container\">\n\t\t\t\t\t\t\t\t\t\t\t\t\t<img loading=\"lazy\" decoding=\"async\" width=\"300\" height=\"159\" src=\"https:\/\/facqui.unitru.edu.pe\/programa-ambiental\/wp-content\/uploads\/sites\/4\/2021\/01\/575493_1-300x159.jpg\" class=\"attachment-medium size-medium wp-image-322\" alt=\"\" srcset=\"https:\/\/facqui.unitru.edu.pe\/programa-ambiental\/wp-content\/uploads\/sites\/4\/2021\/01\/575493_1-300x159.jpg 300w, https:\/\/facqui.unitru.edu.pe\/programa-ambiental\/wp-content\/uploads\/sites\/4\/2021\/01\/575493_1-768x407.jpg 768w, https:\/\/facqui.unitru.edu.pe\/programa-ambiental\/wp-content\/uploads\/sites\/4\/2021\/01\/575493_1.jpg 1000w\" sizes=\"(max-width: 300px) 100vw, 300px\" \/>\t\t\t\t\t\t\t\t\t\t\t\t\t<\/div>\n\t\t\t\t<\/div>\n\t\t\t\t<div class=\"elementor-element elementor-element-fed4a03 elementor-widget elementor-widget-image\" data-id=\"fed4a03\" data-element_type=\"widget\" data-widget_type=\"image.default\">\n\t\t\t\t<div class=\"elementor-widget-container\">\n\t\t\t\t\t\t\t\t\t\t\t\t\t<img loading=\"lazy\" decoding=\"async\" width=\"300\" height=\"212\" src=\"https:\/\/facqui.unitru.edu.pe\/programa-ambiental\/wp-content\/uploads\/sites\/4\/2021\/01\/valores-300x212.jpg\" class=\"attachment-medium size-medium wp-image-326\" alt=\"\" srcset=\"https:\/\/facqui.unitru.edu.pe\/programa-ambiental\/wp-content\/uploads\/sites\/4\/2021\/01\/valores-300x212.jpg 300w, https:\/\/facqui.unitru.edu.pe\/programa-ambiental\/wp-content\/uploads\/sites\/4\/2021\/01\/valores.jpg 700w\" sizes=\"(max-width: 300px) 100vw, 300px\" \/>\t\t\t\t\t\t\t\t\t\t\t\t\t<\/div>\n\t\t\t\t<\/div>\n\t\t\t\t<div class=\"elementor-element elementor-element-d887c68 elementor-widget elementor-widget-image\" data-id=\"d887c68\" data-element_type=\"widget\" data-widget_type=\"image.default\">\n\t\t\t\t<div class=\"elementor-widget-container\">\n\t\t\t\t\t\t\t\t\t\t\t\t\t<img loading=\"lazy\" decoding=\"async\" width=\"300\" height=\"157\" src=\"https:\/\/facqui.unitru.edu.pe\/programa-ambiental\/wp-content\/uploads\/sites\/4\/2021\/01\/Esdiantes1-300x157.png\" class=\"attachment-medium size-medium wp-image-317\" alt=\"\" srcset=\"https:\/\/facqui.unitru.edu.pe\/programa-ambiental\/wp-content\/uploads\/sites\/4\/2021\/01\/Esdiantes1-300x157.png 300w, https:\/\/facqui.unitru.edu.pe\/programa-ambiental\/wp-content\/uploads\/sites\/4\/2021\/01\/Esdiantes1-1024x534.png 1024w, https:\/\/facqui.unitru.edu.pe\/programa-ambiental\/wp-content\/uploads\/sites\/4\/2021\/01\/Esdiantes1-768x401.png 768w, https:\/\/facqui.unitru.edu.pe\/programa-ambiental\/wp-content\/uploads\/sites\/4\/2021\/01\/Esdiantes1.png 1280w\" sizes=\"(max-width: 300px) 100vw, 300px\" \/>\t\t\t\t\t\t\t\t\t\t\t\t\t<\/div>\n\t\t\t\t<\/div>\n\t\t\t\t<div class=\"elementor-element elementor-element-5df4cad elementor-widget elementor-widget-image\" data-id=\"5df4cad\" data-element_type=\"widget\" data-widget_type=\"image.default\">\n\t\t\t\t<div class=\"elementor-widget-container\">\n\t\t\t\t\t\t\t\t\t\t\t\t\t<img loading=\"lazy\" decoding=\"async\" width=\"300\" height=\"200\" src=\"https:\/\/facqui.unitru.edu.pe\/programa-ambiental\/wp-content\/uploads\/sites\/4\/2021\/01\/grupo-jovenes-sentados-cafe-tomando-cafe-discutiendo-nuevas-ideas_97780-260-300x200.jpg\" class=\"attachment-medium size-medium wp-image-318\" alt=\"\" srcset=\"https:\/\/facqui.unitru.edu.pe\/programa-ambiental\/wp-content\/uploads\/sites\/4\/2021\/01\/grupo-jovenes-sentados-cafe-tomando-cafe-discutiendo-nuevas-ideas_97780-260-300x200.jpg 300w, https:\/\/facqui.unitru.edu.pe\/programa-ambiental\/wp-content\/uploads\/sites\/4\/2021\/01\/grupo-jovenes-sentados-cafe-tomando-cafe-discutiendo-nuevas-ideas_97780-260.jpg 626w\" sizes=\"(max-width: 300px) 100vw, 300px\" \/>\t\t\t\t\t\t\t\t\t\t\t\t\t<\/div>\n\t\t\t\t<\/div>\n\t\t\t\t<div class=\"elementor-element elementor-element-ed29ba6 elementor-widget elementor-widget-image\" data-id=\"ed29ba6\" data-element_type=\"widget\" data-widget_type=\"image.default\">\n\t\t\t\t<div class=\"elementor-widget-container\">\n\t\t\t\t\t\t\t\t\t\t\t\t\t<img loading=\"lazy\" decoding=\"async\" width=\"300\" height=\"200\" src=\"https:\/\/facqui.unitru.edu.pe\/programa-ambiental\/wp-content\/uploads\/sites\/4\/2021\/01\/normatividad_mazo-300x200.jpg\" class=\"attachment-medium size-medium wp-image-330\" alt=\"\" srcset=\"https:\/\/facqui.unitru.edu.pe\/programa-ambiental\/wp-content\/uploads\/sites\/4\/2021\/01\/normatividad_mazo-300x200.jpg 300w, https:\/\/facqui.unitru.edu.pe\/programa-ambiental\/wp-content\/uploads\/sites\/4\/2021\/01\/normatividad_mazo-1024x682.jpg 1024w, https:\/\/facqui.unitru.edu.pe\/programa-ambiental\/wp-content\/uploads\/sites\/4\/2021\/01\/normatividad_mazo-768x512.jpg 768w, https:\/\/facqui.unitru.edu.pe\/programa-ambiental\/wp-content\/uploads\/sites\/4\/2021\/01\/normatividad_mazo.jpg 1100w\" sizes=\"(max-width: 300px) 100vw, 300px\" \/>\t\t\t\t\t\t\t\t\t\t\t\t\t<\/div>\n\t\t\t\t<\/div>\n\t\t\t\t<div class=\"elementor-element elementor-element-24b64d5 elementor-widget elementor-widget-image\" data-id=\"24b64d5\" data-element_type=\"widget\" data-widget_type=\"image.default\">\n\t\t\t\t<div class=\"elementor-widget-container\">\n\t\t\t\t\t\t\t\t\t\t\t\t\t<img loading=\"lazy\" decoding=\"async\" width=\"300\" height=\"229\" src=\"https:\/\/facqui.unitru.edu.pe\/programa-ambiental\/wp-content\/uploads\/sites\/4\/2021\/01\/leyes-y-reglamentos-300x229.jpg\" class=\"attachment-medium size-medium wp-image-331\" alt=\"\" srcset=\"https:\/\/facqui.unitru.edu.pe\/programa-ambiental\/wp-content\/uploads\/sites\/4\/2021\/01\/leyes-y-reglamentos-300x229.jpg 300w, https:\/\/facqui.unitru.edu.pe\/programa-ambiental\/wp-content\/uploads\/sites\/4\/2021\/01\/leyes-y-reglamentos.jpg 400w\" sizes=\"(max-width: 300px) 100vw, 300px\" \/>\t\t\t\t\t\t\t\t\t\t\t\t\t<\/div>\n\t\t\t\t<\/div>\n\t\t\t\t<div class=\"elementor-element elementor-element-3146727 elementor-widget elementor-widget-image\" data-id=\"3146727\" data-element_type=\"widget\" data-widget_type=\"image.default\">\n\t\t\t\t<div class=\"elementor-widget-container\">\n\t\t\t\t\t\t\t\t\t\t\t\t\t<img loading=\"lazy\" decoding=\"async\" width=\"253\" height=\"198\" src=\"https:\/\/facqui.unitru.edu.pe\/programa-ambiental\/wp-content\/uploads\/sites\/4\/2021\/01\/distinciones-academicas.png\" class=\"attachment-medium size-medium wp-image-335\" alt=\"\" \/>\t\t\t\t\t\t\t\t\t\t\t\t\t<\/div>\n\t\t\t\t<\/div>\n\t\t\t\t<div class=\"elementor-element elementor-element-8ea8991 elementor-widget elementor-widget-image\" data-id=\"8ea8991\" data-element_type=\"widget\" data-widget_type=\"image.default\">\n\t\t\t\t<div class=\"elementor-widget-container\">\n\t\t\t\t\t\t\t\t\t\t\t\t\t<img loading=\"lazy\" decoding=\"async\" width=\"300\" height=\"134\" src=\"https:\/\/facqui.unitru.edu.pe\/programa-ambiental\/wp-content\/uploads\/sites\/4\/2021\/01\/becas-300x134.jpg\" class=\"attachment-medium size-medium wp-image-336\" alt=\"\" srcset=\"https:\/\/facqui.unitru.edu.pe\/programa-ambiental\/wp-content\/uploads\/sites\/4\/2021\/01\/becas-300x134.jpg 300w, https:\/\/facqui.unitru.edu.pe\/programa-ambiental\/wp-content\/uploads\/sites\/4\/2021\/01\/becas.jpg 512w\" sizes=\"(max-width: 300px) 100vw, 300px\" \/>\t\t\t\t\t\t\t\t\t\t\t\t\t<\/div>\n\t\t\t\t<\/div>\n\t\t\t\t\t<\/div>\n\t\t<\/div>\n\t\t\t\t<div class=\"elementor-column elementor-col-50 elementor-top-column elementor-element elementor-element-80ca12d\" data-id=\"80ca12d\" data-element_type=\"column\">\n\t\t\t<div class=\"elementor-widget-wrap elementor-element-populated\">\n\t\t\t\t\t\t<div class=\"elementor-element elementor-element-322d183 cuadrotexto elementor-widget elementor-widget-text-editor\" data-id=\"322d183\" data-element_type=\"widget\" data-widget_type=\"text-editor.default\">\n\t\t\t\t<div class=\"elementor-widget-container\">\n\t\t\t\t\t\t\t<fieldset><legend>Deberes y Derechos del Estudiante<\/legend><p>Son estudiantes de pregrado de la Universidad, los que cumplen con aprobar el perfil de ingreso en el proceso de admisi\u00f3n a la Universidad, alcanzando vacante y est\u00e9n matriculados en ella, de conformidad con lo que establece el Reglamento del Proceso de Admisi\u00f3n.<\/p><p>La matr\u00edcula es el acto administrativo que genera derechos y obligaciones entre la Universidad y los Estudiantes. La Universidad se obliga a formar humana, acad\u00e9mica y profesionalmente a sus estudiantes y \u00e9stos a participar en la vida universitaria, de acuerdo con la normatividad vigente.<\/p><p>La condici\u00f3n de estudiante se pierde por razones acad\u00e9micas o disciplinarias dispuestas por lo \u00f3rganos competentes.<\/p><p>La desaprobaci\u00f3n de una misma materia por tres (03) veces, da lugar a que el estudiante sea separado temporalmente por un a\u00f1o de la Universidad. Al t\u00e9rmino de este plazo el estudiante s\u00f3lo se podr\u00e1 matricular en la materia que desaprob\u00f3 anteriormente, para retornar de manera regular a sus estudios en el ciclo siguiente. Si desaprueba por cuarta vez, procede a su retiro definitivo de la Universidad.<\/p><p>La movilidad de los estudiantes se adquiere por medio de convenios institucionales. La correspondencia de los s\u00edlabos y tablas de convalidaci\u00f3n de notas, est\u00e1n a cargo de las Direcciones de Escuelas y Unidades de Registro T\u00e9cnico de cada Facultad, de conformidad con los respectivos reglamentos.<\/p><p><strong>SON DEBERES DE LOS ESTUDIANTES<\/strong>:<\/p><p style=\"padding-left: 40px;\">a). Dedicarse con esfuerzo y responsabilidad a su formaci\u00f3n integral, human\u00edstica, cient\u00edfica y tecnol\u00f3gica, enmarcada en el modelo educativo de la Universidad.<\/p><p style=\"padding-left: 40px;\">b). Cuidar y defender el patrimonio de la instituci\u00f3n, denunciando los perjuicios que se ocasionen.<\/p><p style=\"padding-left: 40px;\">c). Participar activamente en las actividades de voluntariado y de responsabilidad social, privilegiando los principios y objetivos de la Universidad en el contexto local, regional y nacional.<\/p><p style=\"padding-left: 40px;\">d). Comportarse con decoro y dignidad dentro y fuera de la Universidad y contribuir a su prestigio.<\/p><p style=\"padding-left: 40px;\">e). Ejercer liderazgo universitario, promoviendo una actitud cr\u00edtica frente a los problemas sociales, econ\u00f3micos, pol\u00edticos y culturales, as\u00ed como, contribuir al desarrollo social justo y equitativo.<\/p><p style=\"padding-left: 40px;\">f). Los dem\u00e1s que la Ley Universitaria establece.<\/p><p><strong>SON DERECHOS DE LOS ESTUDIANTES<\/strong>:<\/p><p style=\"padding-left: 40px;\">a). Ser tratado con respeto y no ser objeto de discriminaci\u00f3n, de ninguna naturaleza.<\/p><p style=\"padding-left: 40px;\">b). Participar en la fiscalizaci\u00f3n y\/o evaluaci\u00f3n del desempe\u00f1o docente, basados en la normatividad acad\u00e9mica.<\/p><p style=\"padding-left: 40px;\">c). Ejercer el derecho a tacha a docentes por falta de idoneidad acad\u00e9mica y\/o \u00e9tica, cumpliendo con los procedimientos establecidos en el reglamento correspondiente.<\/p><p style=\"padding-left: 40px;\">d). Recibir asesoramiento gratuito durante la elaboraci\u00f3n de su tesis, para obtener el grado de Bachiller y T\u00edtulo Profesional, por una sola vez.<\/p><p style=\"padding-left: 40px;\">e). Recibir apoyo material y t\u00e9cnico de la Universidad, a trav\u00e9s de su Facultad, para facilitar sus estudios y tareas de investigaci\u00f3n, as\u00ed como para sus capacitaciones acad\u00e9micas y programas de pr\u00e1cticas preprofesionales, rentadas en instituciones p\u00fablicas y privadas e inserci\u00f3n en el mercado laboral.<\/p><p style=\"padding-left: 40px;\">f). Recibir distinciones cuando hayan alcanzado excelente desempe\u00f1o acad\u00e9mico durante sus estudios universitarios, participando notablemente en investigaciones cient\u00edficas, competencias deportivas, art\u00edsticas y otras.<\/p><p style=\"padding-left: 40px;\">g). Participar en los concursos para ayudantes de c\u00e1tedra o de laboratorio y en programas de movilidad estudiantil.<\/p><p style=\"padding-left: 40px;\">h). Recibir becas para estudios de perfeccionamiento en disciplinas deportivas, as\u00ed como en la potenciaci\u00f3n de sus habilidades art\u00edsticas y mejoramiento del idioma extranjero, bajo las normas que estipulen los reglamentos respectivos.<\/p><p style=\"padding-left: 40px;\">i). Los dem\u00e1s que la Ley Universitaria establece.<\/p><\/fieldset>\t\t\t\t\t\t<\/div>\n\t\t\t\t<\/div>\n\t\t\t\t\t<\/div>\n\t\t<\/div>\n\t\t\t\t\t<\/div>\n\t\t<\/section>\n\t\t\t\t<section class=\"elementor-section elementor-top-section elementor-element elementor-element-fc69e16 elementor-section-boxed elementor-section-height-default elementor-section-height-default\" data-id=\"fc69e16\" data-element_type=\"section\">\n\t\t\t\t\t\t<div class=\"elementor-container elementor-column-gap-default\">\n\t\t\t\t\t<div class=\"elementor-column elementor-col-100 elementor-top-column elementor-element elementor-element-d5fd7dd\" data-id=\"d5fd7dd\" data-element_type=\"column\">\n\t\t\t<div class=\"elementor-widget-wrap elementor-element-populated\">\n\t\t\t\t\t\t<div class=\"elementor-element elementor-element-b544513 elementor-align-center elementor-widget elementor-widget-global elementor-global-221 elementor-widget-button\" data-id=\"b544513\" data-element_type=\"widget\" data-settings=\"{&quot;_animation&quot;:&quot;none&quot;}\" data-widget_type=\"button.default\">\n\t\t\t\t<div class=\"elementor-widget-container\">\n\t\t\t\t\t<div class=\"elementor-button-wrapper\">\n\t\t\t<a class=\"elementor-button elementor-button-link elementor-size-md elementor-animation-grow\" href=\"https:\/\/facqui.unitru.edu.pe\/programa-ambiental\/\">\n\t\t\t\t\t\t<span class=\"elementor-button-content-wrapper\">\n\t\t\t\t\t\t<span class=\"elementor-button-icon elementor-align-icon-left\">\n\t\t\t\t<i aria-hidden=\"true\" class=\"far fa-arrow-alt-circle-left\"><\/i>\t\t\t<\/span>\n\t\t\t\t\t\t<span class=\"elementor-button-text\">VOLVER A INICIO<\/span>\n\t\t<\/span>\n\t\t\t\t\t<\/a>\n\t\t<\/div>\n\t\t\t\t<\/div>\n\t\t\t\t<\/div>\n\t\t\t\t\t<\/div>\n\t\t<\/div>\n\t\t\t\t\t<\/div>\n\t\t<\/section>\n\t\t\t\t<\/div>\n\t\t","protected":false},"excerpt":{"rendered":"<p>Deberes y Derechos del Estudiante Son estudiantes de pregrado de la Universidad, los que cumplen con aprobar el perfil de ingreso en el proceso de admisi\u00f3n a la Universidad, alcanzando vacante y est\u00e9n matriculados en ella, de conformidad con lo que establece el Reglamento del Proceso de Admisi\u00f3n. La matr\u00edcula es el acto administrativo que [&hellip;]<\/p>\n","protected":false},"author":1,"featured_media":0,"parent":0,"menu_order":0,"comment_status":"closed","ping_status":"closed","template":"","meta":{"site-sidebar-layout":"no-sidebar","site-content-layout":"page-builder","ast-site-content-layout":"","site-content-style":"default","site-sidebar-style":"default","ast-global-header-display":"","ast-banner-title-visibility":"","ast-main-header-display":"","ast-hfb-above-header-display":"","ast-hfb-below-header-display":"","ast-hfb-mobile-header-display":"","site-post-title":"disabled","ast-breadcrumbs-content":"","ast-featured-img":"disabled","footer-sml-layout":"","theme-transparent-header-meta":"default","adv-header-id-meta":"","stick-header-meta":"default","header-above-stick-meta":"","header-main-stick-meta":"","header-below-stick-meta":"","astra-migrate-meta-layouts":"default","ast-page-background-enabled":"default","ast-page-background-meta":{"desktop":{"background-color":"","background-image":"","background-repeat":"repeat","background-position":"center center","background-size":"auto","background-attachment":"scroll","background-type":"","background-media":"","overlay-type":"","overlay-color":"","overlay-gradient":""},"tablet":{"background-color":"","background-image":"","background-repeat":"repeat","background-position":"center center","background-size":"auto","background-attachment":"scroll","background-type":"","background-media":"","overlay-type":"","overlay-color":"","overlay-gradient":""},"mobile":{"background-color":"","background-image":"","background-repeat":"repeat","background-position":"center center","background-size":"auto","background-attachment":"scroll","background-type":"","background-media":"","overlay-type":"","overlay-color":"","overlay-gradient":""}},"ast-content-background-meta":{"desktop":{"background-color":"var(--ast-global-color-5)","background-image":"","background-repeat":"repeat","background-position":"center center","background-size":"auto","background-attachment":"scroll","background-type":"","background-media":"","overlay-type":"","overlay-color":"","overlay-gradient":""},"tablet":{"background-color":"var(--ast-global-color-5)","background-image":"","background-repeat":"repeat","background-position":"center center","background-size":"auto","background-attachment":"scroll","background-type":"","background-media":"","overlay-type":"","overlay-color":"","overlay-gradient":""},"mobile":{"background-color":"var(--ast-global-color-5)","background-image":"","background-repeat":"repeat","background-position":"center center","background-size":"auto","background-attachment":"scroll","background-type":"","background-media":"","overlay-type":"","overlay-color":"","overlay-gradient":""}},"footnotes":""},"_links":{"self":[{"href":"https:\/\/facqui.unitru.edu.pe\/programa-ambiental\/wp-json\/wp\/v2\/pages\/33"}],"collection":[{"href":"https:\/\/facqui.unitru.edu.pe\/programa-ambiental\/wp-json\/wp\/v2\/pages"}],"about":[{"href":"https:\/\/facqui.unitru.edu.pe\/programa-ambiental\/wp-json\/wp\/v2\/types\/page"}],"author":[{"embeddable":true,"href":"https:\/\/facqui.unitru.edu.pe\/programa-ambiental\/wp-json\/wp\/v2\/users\/1"}],"replies":[{"embeddable":true,"href":"https:\/\/facqui.unitru.edu.pe\/programa-ambiental\/wp-json\/wp\/v2\/comments?post=33"}],"version-history":[{"count":42,"href":"https:\/\/facqui.unitru.edu.pe\/programa-ambiental\/wp-json\/wp\/v2\/pages\/33\/revisions"}],"predecessor-version":[{"id":2159,"href":"https:\/\/facqui.unitru.edu.pe\/programa-ambiental\/wp-json\/wp\/v2\/pages\/33\/revisions\/2159"}],"wp:attachment":[{"href":"https:\/\/facqui.unitru.edu.pe\/programa-ambiental\/wp-json\/wp\/v2\/media?parent=33"}],"curies":[{"name":"wp","href":"https:\/\/api.w.org\/{rel}","templated":true}]}}