{"id":39,"date":"2020-03-01T18:26:54","date_gmt":"2020-03-01T18:26:54","guid":{"rendered":"https:\/\/facqui.unitru.edu.pe\/programa-ambiental\/?page_id=39"},"modified":"2024-09-25T11:00:18","modified_gmt":"2024-09-25T16:00:18","slug":"certificado-de-estudios","status":"publish","type":"page","link":"https:\/\/facqui.unitru.edu.pe\/programa-ambiental\/certificado-de-estudios\/","title":{"rendered":"Certificado de Estudios"},"content":{"rendered":"\t\t<div data-elementor-type=\"wp-page\" data-elementor-id=\"39\" class=\"elementor elementor-39\">\n\t\t\t\t\t\t<section class=\"elementor-section elementor-top-section elementor-element elementor-element-3d1461e elementor-section-height-min-height elementor-section-boxed elementor-section-height-default elementor-section-items-middle\" data-id=\"3d1461e\" data-element_type=\"section\" data-settings=\"{&quot;background_background&quot;:&quot;classic&quot;}\">\n\t\t\t\t\t\t\t<div class=\"elementor-background-overlay\"><\/div>\n\t\t\t\t\t\t\t<div class=\"elementor-container elementor-column-gap-default\">\n\t\t\t\t\t<div class=\"elementor-column elementor-col-100 elementor-top-column elementor-element elementor-element-a43f8aa\" data-id=\"a43f8aa\" data-element_type=\"column\">\n\t\t\t<div class=\"elementor-widget-wrap\">\n\t\t\t\t\t\t\t<\/div>\n\t\t<\/div>\n\t\t\t\t\t<\/div>\n\t\t<\/section>\n\t\t\t\t<section class=\"elementor-section elementor-top-section elementor-element elementor-element-a026154 elementor-section-boxed elementor-section-height-default elementor-section-height-default\" data-id=\"a026154\" data-element_type=\"section\">\n\t\t\t\t\t\t<div class=\"elementor-container elementor-column-gap-default\">\n\t\t\t\t\t<div class=\"elementor-column elementor-col-100 elementor-top-column elementor-element elementor-element-f45bdf3\" data-id=\"f45bdf3\" data-element_type=\"column\">\n\t\t\t<div class=\"elementor-widget-wrap elementor-element-populated\">\n\t\t\t\t\t\t<div class=\"elementor-element elementor-element-ae5647f elementor-widget elementor-widget-heading\" data-id=\"ae5647f\" data-element_type=\"widget\" data-widget_type=\"heading.default\">\n\t\t\t\t<div class=\"elementor-widget-container\">\n\t\t\t<h2 class=\"elementor-heading-title elementor-size-default\">Requisitos para emisi\u00f3n de<br>Certificado de Estudios con firma digital<\/h2>\t\t<\/div>\n\t\t\t\t<\/div>\n\t\t\t\t\t<\/div>\n\t\t<\/div>\n\t\t\t\t\t<\/div>\n\t\t<\/section>\n\t\t\t\t<section class=\"elementor-section elementor-top-section elementor-element elementor-element-579eff7 elementor-section-boxed elementor-section-height-default elementor-section-height-default\" data-id=\"579eff7\" data-element_type=\"section\">\n\t\t\t\t\t\t<div class=\"elementor-container elementor-column-gap-default\">\n\t\t\t\t\t<div class=\"elementor-column elementor-col-100 elementor-top-column elementor-element elementor-element-bb63769\" data-id=\"bb63769\" data-element_type=\"column\">\n\t\t\t<div class=\"elementor-widget-wrap elementor-element-populated\">\n\t\t\t\t\t\t<div class=\"elementor-element elementor-element-e428801 elementor-widget elementor-widget-text-editor\" data-id=\"e428801\" data-element_type=\"widget\" data-widget_type=\"text-editor.default\">\n\t\t\t\t<div class=\"elementor-widget-container\">\n\t\t\t\t\t\t\t<p><span style=\"font-size: 17px;\">El proceso para la emisi\u00f3n de Certificado de Estudios con Firma Digital, empezar\u00e1 desde el 01 de febrero del 2021, siguiendo los procedimientos que acontinuaci\u00f3n se detallan.\u00a0<span style=\"text-decoration: underline;\"><strong><em>(<a href=\"https:\/\/drive.google.com\/file\/d\/1megHI5JsE-Owlu6GU3H1xY_sK5RTrQ3w\/view?usp=drive_link\" target=\"_blank\" rel=\"noopener\">Oficio Circular N\u00b0 003-2021-DRT\/UNT<\/a> &#8211; Informaci\u00f3n sobre emisi\u00f3n de Certificado de Estudios).<\/em><\/strong><\/span><\/span><\/p><p><span style=\"font-size: 17px;\">Por lo que se pone de conocimiento a los estudiantes las siguientes indicaciones y requisitos:<\/span><\/p><ul><li>&#8211; El alumno tendr\u00e1 que registrar su tr\u00e1mite de certificado de estudios en la p\u00e1gina web de registro t\u00e9cnico (<a href=\"https:\/\/uraa.unitru.edu.pe\/procedure#tramites\" target=\"_blank\" rel=\"noopener\">https:\/\/uraa.unitru.edu.pe\/procedure#tramites<\/a>). (<a href=\"https:\/\/drive.google.com\/file\/d\/1W4WyHxf8yf5yZZVJrFFD3T5O3F7KGw6f\/view?usp=drive_link\" target=\"_blank\" rel=\"noopener\"><em><strong>Descargar manual de usuaio<\/strong><\/em><\/a>).<\/li><li>&#8211; En el formulario de registro el alumno deber\u00e1 ingresar sus datos personales, la Facultad y Escuela a la que pertenece, describir el motivo de su solicitud (solicita certificado digital de estudios), la entidad donde se realiz\u00f3 el pago, asi como el n\u00famero de operaci\u00f3n bancaria. (Adjuntar evidencia).<\/li><li>&#8211; Adjuntar una foto actual a color tama\u00f1o carnet con fondo blanco con el logo de la Universidad Nacional de Trujillo.<\/li><li>&#8211; El certificado de estudios firmado digitalmente llegar\u00e1 al correo del alumno en un plazo m\u00e1ximo de 48 horas despu\u00e9s de registrado el tr\u00e1mite.<\/li><li>&#8211; Para cualquier consulta escribir a: <span style=\"color: #0000ff;\">ort@unitru.edu.pe<\/span><\/li><\/ul><p>Asimismo, se hace de su conocimiento que los casos excepcionales o complejos (por a\u00f1os acad\u00e9micos antiguos) ser\u00e1n derivados a las Escuelas Profesionales para la emisi\u00f3n del Certificado de Estudios impresos f\u00edsicamente. Para mayor detalle se adjunta diagrama de nuevo procedimiento y tutoriales para distribuir entre las escuelas y estudiantes de su facultad. <a href=\"https:\/\/drive.google.com\/drive\/folders\/12IZbLq1Jcw8w_5AhogNEkzZBYHhhZQp5\" target=\"_blank\" rel=\"noopener\">https:\/\/drive.google.com\/drive\/folders\/12IZbLq1Jcw8w_5AhogNEkzZBYHhhZQp5.<\/a><\/p>\t\t\t\t\t\t<\/div>\n\t\t\t\t<\/div>\n\t\t\t\t<div class=\"elementor-element elementor-element-2a97f33 elementor-align-center elementor-widget elementor-widget-global elementor-global-221 elementor-widget-button\" data-id=\"2a97f33\" data-element_type=\"widget\" data-settings=\"{&quot;_animation&quot;:&quot;none&quot;}\" data-widget_type=\"button.default\">\n\t\t\t\t<div class=\"elementor-widget-container\">\n\t\t\t\t\t<div class=\"elementor-button-wrapper\">\n\t\t\t<a class=\"elementor-button elementor-button-link elementor-size-md elementor-animation-grow\" href=\"https:\/\/facqui.unitru.edu.pe\/programa-ambiental\/\">\n\t\t\t\t\t\t<span class=\"elementor-button-content-wrapper\">\n\t\t\t\t\t\t<span class=\"elementor-button-icon elementor-align-icon-left\">\n\t\t\t\t<i aria-hidden=\"true\" class=\"far fa-arrow-alt-circle-left\"><\/i>\t\t\t<\/span>\n\t\t\t\t\t\t<span class=\"elementor-button-text\">VOLVER A INICIO<\/span>\n\t\t<\/span>\n\t\t\t\t\t<\/a>\n\t\t<\/div>\n\t\t\t\t<\/div>\n\t\t\t\t<\/div>\n\t\t\t\t\t<\/div>\n\t\t<\/div>\n\t\t\t\t\t<\/div>\n\t\t<\/section>\n\t\t\t\t<\/div>\n\t\t","protected":false},"excerpt":{"rendered":"<p>Requisitos para emisi\u00f3n deCertificado de Estudios con firma digital El proceso para la emisi\u00f3n de Certificado de Estudios con Firma Digital, empezar\u00e1 desde el 01 de febrero del 2021, siguiendo los procedimientos que acontinuaci\u00f3n se detallan.\u00a0(Oficio Circular N\u00b0 003-2021-DRT\/UNT &#8211; Informaci\u00f3n sobre emisi\u00f3n de Certificado de Estudios). Por lo que se pone de conocimiento a [&hellip;]<\/p>\n","protected":false},"author":1,"featured_media":0,"parent":0,"menu_order":0,"comment_status":"closed","ping_status":"closed","template":"","meta":{"site-sidebar-layout":"no-sidebar","site-content-layout":"page-builder","ast-site-content-layout":"full-width-container","site-content-style":"default","site-sidebar-style":"default","ast-global-header-display":"","ast-banner-title-visibility":"","ast-main-header-display":"","ast-hfb-above-header-display":"","ast-hfb-below-header-display":"","ast-hfb-mobile-header-display":"","site-post-title":"disabled","ast-breadcrumbs-content":"","ast-featured-img":"disabled","footer-sml-layout":"","theme-transparent-header-meta":"","adv-header-id-meta":"","stick-header-meta":"","header-above-stick-meta":"","header-main-stick-meta":"","header-below-stick-meta":"","astra-migrate-meta-layouts":"set","ast-page-background-enabled":"default","ast-page-background-meta":{"desktop":{"background-color":"","background-image":"","background-repeat":"repeat","background-position":"center center","background-size":"auto","background-attachment":"scroll","background-type":"","background-media":"","overlay-type":"","overlay-color":"","overlay-gradient":""},"tablet":{"background-color":"","background-image":"","background-repeat":"repeat","background-position":"center center","background-size":"auto","background-attachment":"scroll","background-type":"","background-media":"","overlay-type":"","overlay-color":"","overlay-gradient":""},"mobile":{"background-color":"","background-image":"","background-repeat":"repeat","background-position":"center center","background-size":"auto","background-attachment":"scroll","background-type":"","background-media":"","overlay-type":"","overlay-color":"","overlay-gradient":""}},"ast-content-background-meta":{"desktop":{"background-color":"var(--ast-global-color-5)","background-image":"","background-repeat":"repeat","background-position":"center center","background-size":"auto","background-attachment":"scroll","background-type":"","background-media":"","overlay-type":"","overlay-color":"","overlay-gradient":""},"tablet":{"background-color":"var(--ast-global-color-5)","background-image":"","background-repeat":"repeat","background-position":"center center","background-size":"auto","background-attachment":"scroll","background-type":"","background-media":"","overlay-type":"","overlay-color":"","overlay-gradient":""},"mobile":{"background-color":"var(--ast-global-color-5)","background-image":"","background-repeat":"repeat","background-position":"center center","background-size":"auto","background-attachment":"scroll","background-type":"","background-media":"","overlay-type":"","overlay-color":"","overlay-gradient":""}},"footnotes":""},"_links":{"self":[{"href":"https:\/\/facqui.unitru.edu.pe\/programa-ambiental\/wp-json\/wp\/v2\/pages\/39"}],"collection":[{"href":"https:\/\/facqui.unitru.edu.pe\/programa-ambiental\/wp-json\/wp\/v2\/pages"}],"about":[{"href":"https:\/\/facqui.unitru.edu.pe\/programa-ambiental\/wp-json\/wp\/v2\/types\/page"}],"author":[{"embeddable":true,"href":"https:\/\/facqui.unitru.edu.pe\/programa-ambiental\/wp-json\/wp\/v2\/users\/1"}],"replies":[{"embeddable":true,"href":"https:\/\/facqui.unitru.edu.pe\/programa-ambiental\/wp-json\/wp\/v2\/comments?post=39"}],"version-history":[{"count":26,"href":"https:\/\/facqui.unitru.edu.pe\/programa-ambiental\/wp-json\/wp\/v2\/pages\/39\/revisions"}],"predecessor-version":[{"id":2088,"href":"https:\/\/facqui.unitru.edu.pe\/programa-ambiental\/wp-json\/wp\/v2\/pages\/39\/revisions\/2088"}],"wp:attachment":[{"href":"https:\/\/facqui.unitru.edu.pe\/programa-ambiental\/wp-json\/wp\/v2\/media?parent=39"}],"curies":[{"name":"wp","href":"https:\/\/api.w.org\/{rel}","templated":true}]}}