{"id":70,"date":"2020-03-01T18:38:31","date_gmt":"2020-03-01T18:38:31","guid":{"rendered":"https:\/\/facqui.unitru.edu.pe\/programa-ambiental\/?page_id=70"},"modified":"2024-09-29T02:08:50","modified_gmt":"2024-09-29T07:08:50","slug":"resultados-del-estudiante","status":"publish","type":"page","link":"https:\/\/facqui.unitru.edu.pe\/programa-ambiental\/resultados-del-estudiante\/","title":{"rendered":"Resultados del Estudiante"},"content":{"rendered":"\t\t<div data-elementor-type=\"wp-page\" data-elementor-id=\"70\" class=\"elementor elementor-70\">\n\t\t\t\t\t\t<section class=\"elementor-section elementor-top-section elementor-element elementor-element-2c96810 elementor-section-height-min-height elementor-section-boxed elementor-section-height-default elementor-section-items-middle\" data-id=\"2c96810\" data-element_type=\"section\" data-settings=\"{&quot;background_background&quot;:&quot;classic&quot;}\">\n\t\t\t\t\t\t\t<div class=\"elementor-background-overlay\"><\/div>\n\t\t\t\t\t\t\t<div class=\"elementor-container elementor-column-gap-default\">\n\t\t\t\t\t<div class=\"elementor-column elementor-col-100 elementor-top-column elementor-element elementor-element-cae6205\" data-id=\"cae6205\" data-element_type=\"column\">\n\t\t\t<div class=\"elementor-widget-wrap\">\n\t\t\t\t\t\t\t<\/div>\n\t\t<\/div>\n\t\t\t\t\t<\/div>\n\t\t<\/section>\n\t\t\t\t<section class=\"elementor-section elementor-top-section elementor-element elementor-element-9375d68 elementor-section-boxed elementor-section-height-default elementor-section-height-default\" data-id=\"9375d68\" data-element_type=\"section\">\n\t\t\t\t\t\t<div class=\"elementor-container elementor-column-gap-default\">\n\t\t\t\t\t<div class=\"elementor-column elementor-col-100 elementor-top-column elementor-element elementor-element-4376a19\" data-id=\"4376a19\" data-element_type=\"column\">\n\t\t\t<div class=\"elementor-widget-wrap elementor-element-populated\">\n\t\t\t\t\t\t<div class=\"elementor-element elementor-element-94d5a68 elementor-widget elementor-widget-spacer\" data-id=\"94d5a68\" data-element_type=\"widget\" data-widget_type=\"spacer.default\">\n\t\t\t\t<div class=\"elementor-widget-container\">\n\t\t\t\t\t<div class=\"elementor-spacer\">\n\t\t\t<div class=\"elementor-spacer-inner\"><\/div>\n\t\t<\/div>\n\t\t\t\t<\/div>\n\t\t\t\t<\/div>\n\t\t\t\t\t<\/div>\n\t\t<\/div>\n\t\t\t\t\t<\/div>\n\t\t<\/section>\n\t\t\t\t<section class=\"elementor-section elementor-top-section elementor-element elementor-element-0b3f2f1 elementor-section-boxed elementor-section-height-default elementor-section-height-default\" data-id=\"0b3f2f1\" data-element_type=\"section\">\n\t\t\t\t\t\t<div class=\"elementor-container elementor-column-gap-default\">\n\t\t\t\t\t<div class=\"elementor-column elementor-col-100 elementor-top-column elementor-element elementor-element-c7599bb\" data-id=\"c7599bb\" data-element_type=\"column\">\n\t\t\t<div class=\"elementor-widget-wrap elementor-element-populated\">\n\t\t\t\t\t\t<div class=\"elementor-element elementor-element-f10c3a7 elementor-widget elementor-widget-heading\" data-id=\"f10c3a7\" data-element_type=\"widget\" data-widget_type=\"heading.default\">\n\t\t\t\t<div class=\"elementor-widget-container\">\n\t\t\t<h2 class=\"elementor-heading-title elementor-size-default\">Resultados del Estudiante<br>del Programa de Ingenier\u00eda Ambiental<\/h2>\t\t<\/div>\n\t\t\t\t<\/div>\n\t\t\t\t\t<\/div>\n\t\t<\/div>\n\t\t\t\t\t<\/div>\n\t\t<\/section>\n\t\t\t\t<section class=\"elementor-section elementor-top-section elementor-element elementor-element-5e5a14d elementor-section-boxed elementor-section-height-default elementor-section-height-default\" data-id=\"5e5a14d\" data-element_type=\"section\">\n\t\t\t\t\t\t<div class=\"elementor-container elementor-column-gap-default\">\n\t\t\t\t\t<div class=\"elementor-column elementor-col-100 elementor-top-column elementor-element elementor-element-c92bf8c\" data-id=\"c92bf8c\" data-element_type=\"column\">\n\t\t\t<div class=\"elementor-widget-wrap elementor-element-populated\">\n\t\t\t\t\t\t<div class=\"elementor-element elementor-element-24f2f23 elementor-widget elementor-widget-heading\" data-id=\"24f2f23\" data-element_type=\"widget\" data-widget_type=\"heading.default\">\n\t\t\t\t<div class=\"elementor-widget-container\">\n\t\t\t<h2 class=\"elementor-heading-title elementor-size-medium\">(Oficializados con Res. Dir. EAPIA N\u00b0 140 - 2021 - EPIA-FIQ y Modificados seg\u00fan<br>ciclo de Acreditaci\u00f3n 2022 - ICACIT)<\/h2>\t\t<\/div>\n\t\t\t\t<\/div>\n\t\t\t\t\t<\/div>\n\t\t<\/div>\n\t\t\t\t\t<\/div>\n\t\t<\/section>\n\t\t\t\t<section class=\"elementor-section elementor-top-section elementor-element elementor-element-fa5798c elementor-section-boxed elementor-section-height-default elementor-section-height-default\" data-id=\"fa5798c\" data-element_type=\"section\">\n\t\t\t\t\t\t<div class=\"elementor-container elementor-column-gap-default\">\n\t\t\t\t\t<div class=\"elementor-column elementor-col-100 elementor-top-column elementor-element elementor-element-aec9f00\" data-id=\"aec9f00\" data-element_type=\"column\">\n\t\t\t<div class=\"elementor-widget-wrap elementor-element-populated\">\n\t\t\t\t\t\t<div class=\"elementor-element elementor-element-eb278b7 elementor-widget elementor-widget-text-editor\" data-id=\"eb278b7\" data-element_type=\"widget\" data-widget_type=\"text-editor.default\">\n\t\t\t\t<div class=\"elementor-widget-container\">\n\t\t\t\t\t\t\t<p>El Programa de Educaci\u00f3n Superior de Ingenier\u00eda Ambiental de la Universidad Nacional de Trujillo, ha establecido 12 Resultados del Estudiante y se lograr\u00e1n al finalizar la carrera. <a href=\"https:\/\/drive.google.com\/file\/d\/1nsZQKUhEZxQzWGatMwRvKfrwbGm5oh8e\/view?usp=drive_link\" target=\"_blank\" rel=\"noopener\"><em><strong>(Resoluci\u00f3n Directoral N\u00b0 140-2021-EPIA-FIQ).<\/strong><\/em><\/a><\/p>\t\t\t\t\t\t<\/div>\n\t\t\t\t<\/div>\n\t\t\t\t\t<\/div>\n\t\t<\/div>\n\t\t\t\t\t<\/div>\n\t\t<\/section>\n\t\t\t\t<section class=\"elementor-section elementor-top-section elementor-element elementor-element-7cddf9e elementor-section-boxed elementor-section-height-default elementor-section-height-default\" data-id=\"7cddf9e\" data-element_type=\"section\">\n\t\t\t\t\t\t<div class=\"elementor-container elementor-column-gap-default\">\n\t\t\t\t\t<div class=\"elementor-column elementor-col-100 elementor-top-column elementor-element elementor-element-645926f\" data-id=\"645926f\" data-element_type=\"column\">\n\t\t\t<div class=\"elementor-widget-wrap elementor-element-populated\">\n\t\t\t\t\t\t<section class=\"elementor-section elementor-inner-section elementor-element elementor-element-5d47408 elementor-section-boxed elementor-section-height-default elementor-section-height-default\" data-id=\"5d47408\" data-element_type=\"section\" data-settings=\"{&quot;background_background&quot;:&quot;classic&quot;}\">\n\t\t\t\t\t\t\t<div class=\"elementor-background-overlay\"><\/div>\n\t\t\t\t\t\t\t<div class=\"elementor-container elementor-column-gap-no\">\n\t\t\t\t\t<div class=\"elementor-column elementor-col-100 elementor-inner-column elementor-element elementor-element-3171d3b\" data-id=\"3171d3b\" data-element_type=\"column\">\n\t\t\t<div class=\"elementor-widget-wrap elementor-element-populated\">\n\t\t\t\t\t\t<div class=\"elementor-element elementor-element-07117a6 elementor-widget elementor-widget-text-editor\" data-id=\"07117a6\" data-element_type=\"widget\" data-widget_type=\"text-editor.default\">\n\t\t\t\t<div class=\"elementor-widget-container\">\n\t\t\t\t\t\t\t<p>[RE-I01] <span style=\"text-decoration: underline;\">CONOCIMIENTOS DE INGENIER\u00cdA<\/span>: Aplica conocimientos de matem\u00e1ticas, ciencias e ingenier\u00eda en la soluci\u00f3n de problemas complejos de ingenier\u00eda.<\/p>\t\t\t\t\t\t<\/div>\n\t\t\t\t<\/div>\n\t\t\t\t\t<\/div>\n\t\t<\/div>\n\t\t\t\t\t<\/div>\n\t\t<\/section>\n\t\t\t\t<section class=\"elementor-section elementor-inner-section elementor-element elementor-element-28835a2 elementor-section-boxed elementor-section-height-default elementor-section-height-default\" data-id=\"28835a2\" data-element_type=\"section\" data-settings=\"{&quot;background_background&quot;:&quot;classic&quot;}\">\n\t\t\t\t\t\t\t<div class=\"elementor-background-overlay\"><\/div>\n\t\t\t\t\t\t\t<div class=\"elementor-container elementor-column-gap-no\">\n\t\t\t\t\t<div class=\"elementor-column elementor-col-100 elementor-inner-column elementor-element elementor-element-3018a63\" data-id=\"3018a63\" data-element_type=\"column\">\n\t\t\t<div class=\"elementor-widget-wrap elementor-element-populated\">\n\t\t\t\t\t\t<div class=\"elementor-element elementor-element-e16b0df elementor-widget elementor-widget-text-editor\" data-id=\"e16b0df\" data-element_type=\"widget\" data-widget_type=\"text-editor.default\">\n\t\t\t\t<div class=\"elementor-widget-container\">\n\t\t\t\t\t\t\t<p>[RE-I02] <span style=\"text-decoration: underline;\">AN\u00c1LISIS DE PROBLEMAS<\/span>: Identifica, formula, busca informaci\u00f3n y analiza problemas complejos de ingenier\u00eda para llegar a conclusiones fundamentadas usando principios b\u00e1sicos de matem\u00e1ticas, ciencias naturales y ciencias de la ingenier\u00eda.<\/p>\t\t\t\t\t\t<\/div>\n\t\t\t\t<\/div>\n\t\t\t\t\t<\/div>\n\t\t<\/div>\n\t\t\t\t\t<\/div>\n\t\t<\/section>\n\t\t\t\t<section class=\"elementor-section elementor-inner-section elementor-element elementor-element-da50121 elementor-section-boxed elementor-section-height-default elementor-section-height-default\" data-id=\"da50121\" data-element_type=\"section\" data-settings=\"{&quot;background_background&quot;:&quot;classic&quot;}\">\n\t\t\t\t\t\t\t<div class=\"elementor-background-overlay\"><\/div>\n\t\t\t\t\t\t\t<div class=\"elementor-container elementor-column-gap-no\">\n\t\t\t\t\t<div class=\"elementor-column elementor-col-100 elementor-inner-column elementor-element elementor-element-347ec7b\" data-id=\"347ec7b\" data-element_type=\"column\">\n\t\t\t<div class=\"elementor-widget-wrap elementor-element-populated\">\n\t\t\t\t\t\t<div class=\"elementor-element elementor-element-311881b elementor-widget elementor-widget-text-editor\" data-id=\"311881b\" data-element_type=\"widget\" data-widget_type=\"text-editor.default\">\n\t\t\t\t<div class=\"elementor-widget-container\">\n\t\t\t\t\t\t\t<p>[RE-I03] <span style=\"text-decoration: underline;\">DISE\u00d1O O DESARROLLO DE SOLUCIONES<\/span>: Dise\u00f1a soluciones para problemas complejos de ingenier\u00eda y dise\u00f1a sistemas, componentes o procesos para satisfacer necesidades deseadas dentro de restricciones realistas en los aspectos de salud p\u00fablica y seguridad, cultural, social, econ\u00f3mico y ambiental.<\/p>\t\t\t\t\t\t<\/div>\n\t\t\t\t<\/div>\n\t\t\t\t<div class=\"elementor-element elementor-element-cec51ee elementor-widget elementor-widget-text-editor\" data-id=\"cec51ee\" data-element_type=\"widget\" data-widget_type=\"text-editor.default\">\n\t\t\t\t<div class=\"elementor-widget-container\">\n\t\t\t\t\t\t\t<p>[RE-I04] <span style=\"text-decoration: underline;\">INDAGACI\u00d3N<\/span>: Conduce indagaciones de problemas complejos de ingenier\u00eda usando conocimientos basados en la investigaci\u00f3n y m\u00e9todos de investigaci\u00f3n incluyendo el dise\u00f1o y la conducci\u00f3n de experimentos, el an\u00e1lisis y la interpretaci\u00f3n de informaci\u00f3n, y la s\u00edntesis de informaci\u00f3n para producir conclusiones v\u00e1lidas.<\/p>\t\t\t\t\t\t<\/div>\n\t\t\t\t<\/div>\n\t\t\t\t<div class=\"elementor-element elementor-element-5ad8c23 elementor-widget elementor-widget-text-editor\" data-id=\"5ad8c23\" data-element_type=\"widget\" data-widget_type=\"text-editor.default\">\n\t\t\t\t<div class=\"elementor-widget-container\">\n\t\t\t\t\t\t\t<p>[RE-I05] <span style=\"text-decoration: underline;\">USO DE HERRAMIENTAS MODERNAS<\/span>: Crea, selecciona y utiliza t\u00e9cnicas, habilidades, recursos y herramientas modernas de la ingenier\u00eda y las tecnolog\u00edas de la informaci\u00f3n, incluyendo la predicci\u00f3n y el modelamiento, con la comprensi\u00f3n de sus limitaciones.<\/p>\t\t\t\t\t\t<\/div>\n\t\t\t\t<\/div>\n\t\t\t\t<div class=\"elementor-element elementor-element-3985d8b elementor-widget elementor-widget-text-editor\" data-id=\"3985d8b\" data-element_type=\"widget\" data-widget_type=\"text-editor.default\">\n\t\t\t\t<div class=\"elementor-widget-container\">\n\t\t\t\t\t\t\t<p>[RE-I06] <span style=\"text-decoration: underline;\">INGENIER\u00cdA Y SOCIEDAD<\/span>: Aplica el razonamiento informado mediante el conocimiento contextual para evaluar cuestiones sociales, de salud, de seguridad, legales y culturales y las consecuentes responsabilidades relevantes para la pr\u00e1ctica profesional de la ingenier\u00eda.<\/p>\t\t\t\t\t\t<\/div>\n\t\t\t\t<\/div>\n\t\t\t\t<div class=\"elementor-element elementor-element-85e4957 elementor-widget elementor-widget-text-editor\" data-id=\"85e4957\" data-element_type=\"widget\" data-widget_type=\"text-editor.default\">\n\t\t\t\t<div class=\"elementor-widget-container\">\n\t\t\t\t\t\t\t<p>[RE-I07] <span style=\"text-decoration: underline;\">MEDIO AMBIENTE Y SOSTENIBILIDAD<\/span>: Comprende y eval\u00faa el impacto de las soluciones a problemas complejos de ingenier\u00eda en un contexto global, econ\u00f3mico, ambiental y social.<\/p>\t\t\t\t\t\t<\/div>\n\t\t\t\t<\/div>\n\t\t\t\t<div class=\"elementor-element elementor-element-7887c89 elementor-widget elementor-widget-text-editor\" data-id=\"7887c89\" data-element_type=\"widget\" data-widget_type=\"text-editor.default\">\n\t\t\t\t<div class=\"elementor-widget-container\">\n\t\t\t\t\t\t\t<p>[RE-I08] <span style=\"text-decoration: underline;\">\u00c9TICA<\/span>: Aplica principios \u00e9ticos y se compromete con la \u00e9tica profesional y las responsabilidades y normas de la pr\u00e1ctica de la ingenier\u00eda.<\/p>\t\t\t\t\t\t<\/div>\n\t\t\t\t<\/div>\n\t\t\t\t<div class=\"elementor-element elementor-element-c86a9cd elementor-widget elementor-widget-text-editor\" data-id=\"c86a9cd\" data-element_type=\"widget\" data-widget_type=\"text-editor.default\">\n\t\t\t\t<div class=\"elementor-widget-container\">\n\t\t\t\t\t\t\t<p>[RE-I09] <span style=\"text-decoration: underline;\">TRABAJO INDIVIDUAL Y EN EQUIPO<\/span>: Se desenvuelve eficazmente como individuo, como miembro o l\u00edder de equipos diversos.<\/p>\t\t\t\t\t\t<\/div>\n\t\t\t\t<\/div>\n\t\t\t\t<div class=\"elementor-element elementor-element-8aa0437 elementor-widget elementor-widget-text-editor\" data-id=\"8aa0437\" data-element_type=\"widget\" data-widget_type=\"text-editor.default\">\n\t\t\t\t<div class=\"elementor-widget-container\">\n\t\t\t\t\t\t\t<p>[RE-I10] <span style=\"text-decoration: underline;\">COMUNICACI\u00d3N<\/span>: Se comunica eficazmente, mediante la comprensi\u00f3n y redacci\u00f3n de informes y documentaci\u00f3n de dise\u00f1o, la realizaci\u00f3n de exposiciones, y la transmisi\u00f3n y recepci\u00f3n de instrucciones claras.<\/p>\t\t\t\t\t\t<\/div>\n\t\t\t\t<\/div>\n\t\t\t\t<div class=\"elementor-element elementor-element-8529475 elementor-widget elementor-widget-text-editor\" data-id=\"8529475\" data-element_type=\"widget\" data-widget_type=\"text-editor.default\">\n\t\t\t\t<div class=\"elementor-widget-container\">\n\t\t\t\t\t\t\t<p>[RE-I11] <span style=\"text-decoration: underline;\">GESTI\u00d3N DE PROYECTOS<\/span>: Demuestra conocimiento y comprensi\u00f3n de los principios de gesti\u00f3n en ingenier\u00eda y la toma de decisiones econ\u00f3micas, y su respectiva aplicaci\u00f3n.<\/p>\t\t\t\t\t\t<\/div>\n\t\t\t\t<\/div>\n\t\t\t\t<div class=\"elementor-element elementor-element-ac26bcb elementor-widget elementor-widget-text-editor\" data-id=\"ac26bcb\" data-element_type=\"widget\" data-widget_type=\"text-editor.default\">\n\t\t\t\t<div class=\"elementor-widget-container\">\n\t\t\t\t\t\t\t<p>[RE-I12] <span style=\"text-decoration: underline;\">APRENDIZAJE PERMANENTE<\/span>: Reconoce la necesidad del aprendizaje permanente y la encara en el m\u00e1s amplio contexto de los cambios tecnol\u00f3gicos.<\/p>\t\t\t\t\t\t<\/div>\n\t\t\t\t<\/div>\n\t\t\t\t\t<\/div>\n\t\t<\/div>\n\t\t\t\t\t<\/div>\n\t\t<\/section>\n\t\t\t\t\t<\/div>\n\t\t<\/div>\n\t\t\t\t\t<\/div>\n\t\t<\/section>\n\t\t\t\t<section class=\"elementor-section elementor-top-section elementor-element elementor-element-a7a6381 elementor-section-boxed elementor-section-height-default elementor-section-height-default\" data-id=\"a7a6381\" data-element_type=\"section\">\n\t\t\t\t\t\t<div class=\"elementor-container elementor-column-gap-default\">\n\t\t\t\t\t<div class=\"elementor-column elementor-col-100 elementor-top-column elementor-element elementor-element-84c143c\" data-id=\"84c143c\" data-element_type=\"column\">\n\t\t\t<div class=\"elementor-widget-wrap elementor-element-populated\">\n\t\t\t\t\t\t<div class=\"elementor-element elementor-element-54733ee elementor-align-center elementor-widget elementor-widget-global elementor-global-221 elementor-widget-button\" data-id=\"54733ee\" data-element_type=\"widget\" data-settings=\"{&quot;_animation&quot;:&quot;none&quot;}\" data-widget_type=\"button.default\">\n\t\t\t\t<div class=\"elementor-widget-container\">\n\t\t\t\t\t<div class=\"elementor-button-wrapper\">\n\t\t\t<a class=\"elementor-button elementor-button-link elementor-size-md elementor-animation-grow\" href=\"https:\/\/facqui.unitru.edu.pe\/programa-ambiental\/\">\n\t\t\t\t\t\t<span class=\"elementor-button-content-wrapper\">\n\t\t\t\t\t\t<span class=\"elementor-button-icon elementor-align-icon-left\">\n\t\t\t\t<i aria-hidden=\"true\" class=\"far fa-arrow-alt-circle-left\"><\/i>\t\t\t<\/span>\n\t\t\t\t\t\t<span class=\"elementor-button-text\">VOLVER A INICIO<\/span>\n\t\t<\/span>\n\t\t\t\t\t<\/a>\n\t\t<\/div>\n\t\t\t\t<\/div>\n\t\t\t\t<\/div>\n\t\t\t\t\t<\/div>\n\t\t<\/div>\n\t\t\t\t\t<\/div>\n\t\t<\/section>\n\t\t\t\t<\/div>\n\t\t","protected":false},"excerpt":{"rendered":"<p>Resultados del Estudiantedel Programa de Ingenier\u00eda Ambiental (Oficializados con Res. Dir. EAPIA N\u00b0 140 &#8211; 2021 &#8211; EPIA-FIQ y Modificados seg\u00fanciclo de Acreditaci\u00f3n 2022 &#8211; ICACIT) El Programa de Educaci\u00f3n Superior de Ingenier\u00eda Ambiental de la Universidad Nacional de Trujillo, ha establecido 12 Resultados del Estudiante y se lograr\u00e1n al finalizar la carrera. (Resoluci\u00f3n Directoral [&hellip;]<\/p>\n","protected":false},"author":1,"featured_media":0,"parent":0,"menu_order":0,"comment_status":"closed","ping_status":"closed","template":"","meta":{"site-sidebar-layout":"no-sidebar","site-content-layout":"page-builder","ast-site-content-layout":"","site-content-style":"default","site-sidebar-style":"default","ast-global-header-display":"","ast-banner-title-visibility":"","ast-main-header-display":"","ast-hfb-above-header-display":"","ast-hfb-below-header-display":"","ast-hfb-mobile-header-display":"","site-post-title":"disabled","ast-breadcrumbs-content":"","ast-featured-img":"disabled","footer-sml-layout":"","theme-transparent-header-meta":"","adv-header-id-meta":"","stick-header-meta":"","header-above-stick-meta":"","header-main-stick-meta":"","header-below-stick-meta":"","astra-migrate-meta-layouts":"default","ast-page-background-enabled":"default","ast-page-background-meta":{"desktop":{"background-color":"","background-image":"","background-repeat":"repeat","background-position":"center center","background-size":"auto","background-attachment":"scroll","background-type":"","background-media":"","overlay-type":"","overlay-color":"","overlay-gradient":""},"tablet":{"background-color":"","background-image":"","background-repeat":"repeat","background-position":"center center","background-size":"auto","background-attachment":"scroll","background-type":"","background-media":"","overlay-type":"","overlay-color":"","overlay-gradient":""},"mobile":{"background-color":"","background-image":"","background-repeat":"repeat","background-position":"center center","background-size":"auto","background-attachment":"scroll","background-type":"","background-media":"","overlay-type":"","overlay-color":"","overlay-gradient":""}},"ast-content-background-meta":{"desktop":{"background-color":"var(--ast-global-color-5)","background-image":"","background-repeat":"repeat","background-position":"center center","background-size":"auto","background-attachment":"scroll","background-type":"","background-media":"","overlay-type":"","overlay-color":"","overlay-gradient":""},"tablet":{"background-color":"var(--ast-global-color-5)","background-image":"","background-repeat":"repeat","background-position":"center center","background-size":"auto","background-attachment":"scroll","background-type":"","background-media":"","overlay-type":"","overlay-color":"","overlay-gradient":""},"mobile":{"background-color":"var(--ast-global-color-5)","background-image":"","background-repeat":"repeat","background-position":"center center","background-size":"auto","background-attachment":"scroll","background-type":"","background-media":"","overlay-type":"","overlay-color":"","overlay-gradient":""}},"footnotes":""},"_links":{"self":[{"href":"https:\/\/facqui.unitru.edu.pe\/programa-ambiental\/wp-json\/wp\/v2\/pages\/70"}],"collection":[{"href":"https:\/\/facqui.unitru.edu.pe\/programa-ambiental\/wp-json\/wp\/v2\/pages"}],"about":[{"href":"https:\/\/facqui.unitru.edu.pe\/programa-ambiental\/wp-json\/wp\/v2\/types\/page"}],"author":[{"embeddable":true,"href":"https:\/\/facqui.unitru.edu.pe\/programa-ambiental\/wp-json\/wp\/v2\/users\/1"}],"replies":[{"embeddable":true,"href":"https:\/\/facqui.unitru.edu.pe\/programa-ambiental\/wp-json\/wp\/v2\/comments?post=70"}],"version-history":[{"count":58,"href":"https:\/\/facqui.unitru.edu.pe\/programa-ambiental\/wp-json\/wp\/v2\/pages\/70\/revisions"}],"predecessor-version":[{"id":2433,"href":"https:\/\/facqui.unitru.edu.pe\/programa-ambiental\/wp-json\/wp\/v2\/pages\/70\/revisions\/2433"}],"wp:attachment":[{"href":"https:\/\/facqui.unitru.edu.pe\/programa-ambiental\/wp-json\/wp\/v2\/media?parent=70"}],"curies":[{"name":"wp","href":"https:\/\/api.w.org\/{rel}","templated":true}]}}