{"id":850,"date":"2021-01-26T05:15:20","date_gmt":"2021-01-26T05:15:20","guid":{"rendered":"https:\/\/facqui.unitru.edu.pe\/programa-ambiental\/?page_id=850"},"modified":"2024-09-29T12:04:46","modified_gmt":"2024-09-29T17:04:46","slug":"perfil-profesional-plan-curricular-2007","status":"publish","type":"page","link":"https:\/\/facqui.unitru.edu.pe\/programa-ambiental\/perfil-profesional-plan-curricular-2007\/","title":{"rendered":"Perfil Profesional &#8211; Plan Curricular 2007"},"content":{"rendered":"\t\t<div data-elementor-type=\"wp-page\" data-elementor-id=\"850\" class=\"elementor elementor-850\">\n\t\t\t\t\t\t<section class=\"elementor-section elementor-top-section elementor-element elementor-element-5332ee8 elementor-section-height-min-height elementor-section-boxed elementor-section-height-default elementor-section-items-middle\" data-id=\"5332ee8\" data-element_type=\"section\" data-settings=\"{&quot;background_background&quot;:&quot;classic&quot;}\">\n\t\t\t\t\t\t\t<div class=\"elementor-background-overlay\"><\/div>\n\t\t\t\t\t\t\t<div class=\"elementor-container elementor-column-gap-default\">\n\t\t\t\t\t<div class=\"elementor-column elementor-col-100 elementor-top-column elementor-element elementor-element-ddafd75\" data-id=\"ddafd75\" data-element_type=\"column\">\n\t\t\t<div class=\"elementor-widget-wrap\">\n\t\t\t\t\t\t\t<\/div>\n\t\t<\/div>\n\t\t\t\t\t<\/div>\n\t\t<\/section>\n\t\t\t\t<section class=\"elementor-section elementor-top-section elementor-element elementor-element-676eb3d elementor-section-boxed elementor-section-height-default elementor-section-height-default\" data-id=\"676eb3d\" data-element_type=\"section\">\n\t\t\t\t\t\t<div class=\"elementor-container elementor-column-gap-default\">\n\t\t\t\t\t<div class=\"elementor-column elementor-col-100 elementor-top-column elementor-element elementor-element-d9a736c\" data-id=\"d9a736c\" data-element_type=\"column\">\n\t\t\t<div class=\"elementor-widget-wrap elementor-element-populated\">\n\t\t\t\t\t\t<div class=\"elementor-element elementor-element-51313f5 elementor-widget elementor-widget-spacer\" data-id=\"51313f5\" data-element_type=\"widget\" data-widget_type=\"spacer.default\">\n\t\t\t\t<div class=\"elementor-widget-container\">\n\t\t\t\t\t<div class=\"elementor-spacer\">\n\t\t\t<div class=\"elementor-spacer-inner\"><\/div>\n\t\t<\/div>\n\t\t\t\t<\/div>\n\t\t\t\t<\/div>\n\t\t\t\t\t<\/div>\n\t\t<\/div>\n\t\t\t\t\t<\/div>\n\t\t<\/section>\n\t\t\t\t<section class=\"elementor-section elementor-top-section elementor-element elementor-element-951de5c elementor-section-boxed elementor-section-height-default elementor-section-height-default\" data-id=\"951de5c\" data-element_type=\"section\">\n\t\t\t\t\t\t<div class=\"elementor-container elementor-column-gap-default\">\n\t\t\t\t\t<div class=\"elementor-column elementor-col-100 elementor-top-column elementor-element elementor-element-2f4f79d\" data-id=\"2f4f79d\" data-element_type=\"column\">\n\t\t\t<div class=\"elementor-widget-wrap elementor-element-populated\">\n\t\t\t\t\t\t<div class=\"elementor-element elementor-element-77586a9 elementor-widget elementor-widget-heading\" data-id=\"77586a9\" data-element_type=\"widget\" data-widget_type=\"heading.default\">\n\t\t\t\t<div class=\"elementor-widget-container\">\n\t\t\t<h2 class=\"elementor-heading-title elementor-size-default\">Perfil Profesional<br>Plan Curricular 2007<\/h2>\t\t<\/div>\n\t\t\t\t<\/div>\n\t\t\t\t\t<\/div>\n\t\t<\/div>\n\t\t\t\t\t<\/div>\n\t\t<\/section>\n\t\t\t\t<section class=\"elementor-section elementor-top-section elementor-element elementor-element-20071b2 elementor-section-boxed elementor-section-height-default elementor-section-height-default\" data-id=\"20071b2\" data-element_type=\"section\">\n\t\t\t\t\t\t<div class=\"elementor-container elementor-column-gap-default\">\n\t\t\t\t\t<div class=\"elementor-column elementor-col-100 elementor-top-column elementor-element elementor-element-9997d2c\" data-id=\"9997d2c\" data-element_type=\"column\">\n\t\t\t<div class=\"elementor-widget-wrap elementor-element-populated\">\n\t\t\t\t\t\t<div class=\"elementor-element elementor-element-b8d2fec elementor-widget elementor-widget-heading\" data-id=\"b8d2fec\" data-element_type=\"widget\" data-widget_type=\"heading.default\">\n\t\t\t\t<div class=\"elementor-widget-container\">\n\t\t\t<h2 class=\"elementor-heading-title elementor-size-medium\">(Actualizado oficialmente en el Plan Curricular 2007)<\/h2>\t\t<\/div>\n\t\t\t\t<\/div>\n\t\t\t\t\t<\/div>\n\t\t<\/div>\n\t\t\t\t\t<\/div>\n\t\t<\/section>\n\t\t\t\t<section class=\"elementor-section elementor-top-section elementor-element elementor-element-596e85a elementor-section-boxed elementor-section-height-default elementor-section-height-default\" data-id=\"596e85a\" data-element_type=\"section\">\n\t\t\t\t\t\t<div class=\"elementor-container elementor-column-gap-default\">\n\t\t\t\t\t<div class=\"elementor-column elementor-col-50 elementor-top-column elementor-element elementor-element-1146ccb\" data-id=\"1146ccb\" data-element_type=\"column\">\n\t\t\t<div class=\"elementor-widget-wrap elementor-element-populated\">\n\t\t\t\t\t\t<div class=\"elementor-element elementor-element-cb507b0 cuadrotexto elementor-widget elementor-widget-text-editor\" data-id=\"cb507b0\" data-element_type=\"widget\" data-widget_type=\"text-editor.default\">\n\t\t\t\t<div class=\"elementor-widget-container\">\n\t\t\t\t\t\t\t<fieldset><legend>\u00a0 \u00a0 \u00a0 \u00a0 \u00a0 \u00a0 \u00a0 \u00a0 \u00a0 \u00a0 \u00a0 \u00a0 \u00a0 \u00a0 \u00a0 \u00a0 \u00a0 \u00a0 \u00a0 \u00a0 \u00a0 \u00a0 \u00a0\u00a0<\/legend><p><span style=\"font-size: 15px; font-style: normal; font-weight: 400;\">El Ingeniero Ambiental es un profesional capacitado para participar en la soluci\u00f3n de los grandes problemas ambientales. Con capacidad para tomar decisiones que liguen lo \u00e9tico, lo cient\u00edfico, lo tecnol\u00f3gico y lo social para la sostenibilidad del medio ambiente. Aplicar\u00e1 la ingenier\u00eda en la soluci\u00f3n de problemas ambientales, en la provisi\u00f3n de agua potable, disposici\u00f3n y re-uso del agua residual y el reciclaje, manejo y minimizaci\u00f3n de los residuos s\u00f3lidos y peligrosos; el control de la contaminaci\u00f3n del agua, suelo y aire, as\u00ed como el impacto ambiental que se provoque con dicha contaminaci\u00f3n. En el control de emisiones de contaminantes al dise\u00f1ar equipo y\/o procesos limpios.<\/span><\/p><\/fieldset>\t\t\t\t\t\t<\/div>\n\t\t\t\t<\/div>\n\t\t\t\t\t<\/div>\n\t\t<\/div>\n\t\t\t\t<div class=\"elementor-column elementor-col-50 elementor-top-column elementor-element elementor-element-16f7659\" data-id=\"16f7659\" data-element_type=\"column\">\n\t\t\t<div class=\"elementor-widget-wrap elementor-element-populated\">\n\t\t\t\t\t\t<div class=\"elementor-element elementor-element-375e034 elementor-widget elementor-widget-image\" data-id=\"375e034\" data-element_type=\"widget\" data-widget_type=\"image.default\">\n\t\t\t\t<div class=\"elementor-widget-container\">\n\t\t\t\t\t\t\t\t\t\t\t\t\t<img fetchpriority=\"high\" decoding=\"async\" width=\"300\" height=\"225\" src=\"https:\/\/facqui.unitru.edu.pe\/programa-ambiental\/wp-content\/uploads\/sites\/4\/2021\/01\/01-300x225.jpg\" class=\"attachment-medium size-medium wp-image-873\" alt=\"\" srcset=\"https:\/\/facqui.unitru.edu.pe\/programa-ambiental\/wp-content\/uploads\/sites\/4\/2021\/01\/01-300x225.jpg 300w, https:\/\/facqui.unitru.edu.pe\/programa-ambiental\/wp-content\/uploads\/sites\/4\/2021\/01\/01-768x576.jpg 768w, https:\/\/facqui.unitru.edu.pe\/programa-ambiental\/wp-content\/uploads\/sites\/4\/2021\/01\/01.jpg 960w\" sizes=\"(max-width: 300px) 100vw, 300px\" \/>\t\t\t\t\t\t\t\t\t\t\t\t\t<\/div>\n\t\t\t\t<\/div>\n\t\t\t\t<div class=\"elementor-element elementor-element-e7e89ad elementor-widget elementor-widget-image\" data-id=\"e7e89ad\" data-element_type=\"widget\" data-widget_type=\"image.default\">\n\t\t\t\t<div class=\"elementor-widget-container\">\n\t\t\t\t\t\t\t\t\t\t\t\t\t<img decoding=\"async\" width=\"300\" height=\"225\" src=\"https:\/\/facqui.unitru.edu.pe\/programa-ambiental\/wp-content\/uploads\/sites\/4\/2021\/01\/02-300x225.jpg\" class=\"attachment-medium size-medium wp-image-874\" alt=\"\" srcset=\"https:\/\/facqui.unitru.edu.pe\/programa-ambiental\/wp-content\/uploads\/sites\/4\/2021\/01\/02-300x225.jpg 300w, https:\/\/facqui.unitru.edu.pe\/programa-ambiental\/wp-content\/uploads\/sites\/4\/2021\/01\/02-768x576.jpg 768w, https:\/\/facqui.unitru.edu.pe\/programa-ambiental\/wp-content\/uploads\/sites\/4\/2021\/01\/02.jpg 1024w\" sizes=\"(max-width: 300px) 100vw, 300px\" \/>\t\t\t\t\t\t\t\t\t\t\t\t\t<\/div>\n\t\t\t\t<\/div>\n\t\t\t\t<div class=\"elementor-element elementor-element-96228c8 elementor-widget elementor-widget-image\" data-id=\"96228c8\" data-element_type=\"widget\" data-widget_type=\"image.default\">\n\t\t\t\t<div class=\"elementor-widget-container\">\n\t\t\t\t\t\t\t\t\t\t\t\t\t<img decoding=\"async\" width=\"300\" height=\"157\" src=\"https:\/\/facqui.unitru.edu.pe\/programa-ambiental\/wp-content\/uploads\/sites\/4\/2021\/01\/03-300x157.png\" class=\"attachment-medium size-medium wp-image-875\" alt=\"\" srcset=\"https:\/\/facqui.unitru.edu.pe\/programa-ambiental\/wp-content\/uploads\/sites\/4\/2021\/01\/03-300x157.png 300w, https:\/\/facqui.unitru.edu.pe\/programa-ambiental\/wp-content\/uploads\/sites\/4\/2021\/01\/03-1024x536.png 1024w, https:\/\/facqui.unitru.edu.pe\/programa-ambiental\/wp-content\/uploads\/sites\/4\/2021\/01\/03-768x402.png 768w, https:\/\/facqui.unitru.edu.pe\/programa-ambiental\/wp-content\/uploads\/sites\/4\/2021\/01\/03.png 1200w\" sizes=\"(max-width: 300px) 100vw, 300px\" \/>\t\t\t\t\t\t\t\t\t\t\t\t\t<\/div>\n\t\t\t\t<\/div>\n\t\t\t\t<div class=\"elementor-element elementor-element-ab48f3b elementor-widget elementor-widget-image\" data-id=\"ab48f3b\" data-element_type=\"widget\" data-widget_type=\"image.default\">\n\t\t\t\t<div class=\"elementor-widget-container\">\n\t\t\t\t\t\t\t\t\t\t\t\t\t<img loading=\"lazy\" decoding=\"async\" width=\"300\" height=\"200\" src=\"https:\/\/facqui.unitru.edu.pe\/programa-ambiental\/wp-content\/uploads\/sites\/4\/2021\/01\/04-300x200.jpg\" class=\"attachment-medium size-medium wp-image-876\" alt=\"\" srcset=\"https:\/\/facqui.unitru.edu.pe\/programa-ambiental\/wp-content\/uploads\/sites\/4\/2021\/01\/04-300x200.jpg 300w, https:\/\/facqui.unitru.edu.pe\/programa-ambiental\/wp-content\/uploads\/sites\/4\/2021\/01\/04.jpg 640w\" sizes=\"(max-width: 300px) 100vw, 300px\" \/>\t\t\t\t\t\t\t\t\t\t\t\t\t<\/div>\n\t\t\t\t<\/div>\n\t\t\t\t\t<\/div>\n\t\t<\/div>\n\t\t\t\t\t<\/div>\n\t\t<\/section>\n\t\t\t\t<section class=\"elementor-section elementor-top-section elementor-element elementor-element-bcda4b1 elementor-section-boxed elementor-section-height-default elementor-section-height-default\" data-id=\"bcda4b1\" data-element_type=\"section\">\n\t\t\t\t\t\t<div class=\"elementor-container elementor-column-gap-default\">\n\t\t\t\t\t<div class=\"elementor-column elementor-col-100 elementor-top-column elementor-element elementor-element-eaed301\" data-id=\"eaed301\" data-element_type=\"column\">\n\t\t\t<div class=\"elementor-widget-wrap elementor-element-populated\">\n\t\t\t\t\t\t<div class=\"elementor-element elementor-element-93041bb elementor-align-center elementor-widget elementor-widget-global elementor-global-619 elementor-widget-button\" data-id=\"93041bb\" data-element_type=\"widget\" data-settings=\"{&quot;_animation&quot;:&quot;none&quot;}\" data-widget_type=\"button.default\">\n\t\t\t\t<div class=\"elementor-widget-container\">\n\t\t\t\t\t<div class=\"elementor-button-wrapper\">\n\t\t\t<a class=\"elementor-button elementor-button-link elementor-size-md elementor-animation-grow\" href=\"https:\/\/facqui.unitru.edu.pe\/programa-ambiental\/plan-curricular-2007\/\">\n\t\t\t\t\t\t<span class=\"elementor-button-content-wrapper\">\n\t\t\t\t\t\t<span class=\"elementor-button-icon elementor-align-icon-left\">\n\t\t\t\t<i aria-hidden=\"true\" class=\"far fa-arrow-alt-circle-left\"><\/i>\t\t\t<\/span>\n\t\t\t\t\t\t<span class=\"elementor-button-text\">VOLVER ATR\u00c1S<\/span>\n\t\t<\/span>\n\t\t\t\t\t<\/a>\n\t\t<\/div>\n\t\t\t\t<\/div>\n\t\t\t\t<\/div>\n\t\t\t\t\t<\/div>\n\t\t<\/div>\n\t\t\t\t\t<\/div>\n\t\t<\/section>\n\t\t\t\t<\/div>\n\t\t","protected":false},"excerpt":{"rendered":"<p>Perfil ProfesionalPlan Curricular 2007 (Actualizado oficialmente en el Plan Curricular 2007) \u00a0 \u00a0 \u00a0 \u00a0 \u00a0 \u00a0 \u00a0 \u00a0 \u00a0 \u00a0 \u00a0 \u00a0 \u00a0 \u00a0 \u00a0 \u00a0 \u00a0 \u00a0 \u00a0 \u00a0 \u00a0 \u00a0 \u00a0\u00a0 El Ingeniero Ambiental es un profesional capacitado para participar en la soluci\u00f3n de los grandes problemas ambientales. Con capacidad para tomar [&hellip;]<\/p>\n","protected":false},"author":1,"featured_media":0,"parent":0,"menu_order":0,"comment_status":"closed","ping_status":"closed","template":"","meta":{"site-sidebar-layout":"no-sidebar","site-content-layout":"page-builder","ast-site-content-layout":"","site-content-style":"default","site-sidebar-style":"default","ast-global-header-display":"","ast-banner-title-visibility":"","ast-main-header-display":"","ast-hfb-above-header-display":"","ast-hfb-below-header-display":"","ast-hfb-mobile-header-display":"","site-post-title":"disabled","ast-breadcrumbs-content":"","ast-featured-img":"disabled","footer-sml-layout":"","theme-transparent-header-meta":"default","adv-header-id-meta":"","stick-header-meta":"default","header-above-stick-meta":"","header-main-stick-meta":"","header-below-stick-meta":"","astra-migrate-meta-layouts":"default","ast-page-background-enabled":"default","ast-page-background-meta":{"desktop":{"background-color":"","background-image":"","background-repeat":"repeat","background-position":"center center","background-size":"auto","background-attachment":"scroll","background-type":"","background-media":"","overlay-type":"","overlay-color":"","overlay-gradient":""},"tablet":{"background-color":"","background-image":"","background-repeat":"repeat","background-position":"center center","background-size":"auto","background-attachment":"scroll","background-type":"","background-media":"","overlay-type":"","overlay-color":"","overlay-gradient":""},"mobile":{"background-color":"","background-image":"","background-repeat":"repeat","background-position":"center center","background-size":"auto","background-attachment":"scroll","background-type":"","background-media":"","overlay-type":"","overlay-color":"","overlay-gradient":""}},"ast-content-background-meta":{"desktop":{"background-color":"var(--ast-global-color-5)","background-image":"","background-repeat":"repeat","background-position":"center center","background-size":"auto","background-attachment":"scroll","background-type":"","background-media":"","overlay-type":"","overlay-color":"","overlay-gradient":""},"tablet":{"background-color":"var(--ast-global-color-5)","background-image":"","background-repeat":"repeat","background-position":"center center","background-size":"auto","background-attachment":"scroll","background-type":"","background-media":"","overlay-type":"","overlay-color":"","overlay-gradient":""},"mobile":{"background-color":"var(--ast-global-color-5)","background-image":"","background-repeat":"repeat","background-position":"center center","background-size":"auto","background-attachment":"scroll","background-type":"","background-media":"","overlay-type":"","overlay-color":"","overlay-gradient":""}},"footnotes":""},"_links":{"self":[{"href":"https:\/\/facqui.unitru.edu.pe\/programa-ambiental\/wp-json\/wp\/v2\/pages\/850"}],"collection":[{"href":"https:\/\/facqui.unitru.edu.pe\/programa-ambiental\/wp-json\/wp\/v2\/pages"}],"about":[{"href":"https:\/\/facqui.unitru.edu.pe\/programa-ambiental\/wp-json\/wp\/v2\/types\/page"}],"author":[{"embeddable":true,"href":"https:\/\/facqui.unitru.edu.pe\/programa-ambiental\/wp-json\/wp\/v2\/users\/1"}],"replies":[{"embeddable":true,"href":"https:\/\/facqui.unitru.edu.pe\/programa-ambiental\/wp-json\/wp\/v2\/comments?post=850"}],"version-history":[{"count":28,"href":"https:\/\/facqui.unitru.edu.pe\/programa-ambiental\/wp-json\/wp\/v2\/pages\/850\/revisions"}],"predecessor-version":[{"id":2521,"href":"https:\/\/facqui.unitru.edu.pe\/programa-ambiental\/wp-json\/wp\/v2\/pages\/850\/revisions\/2521"}],"wp:attachment":[{"href":"https:\/\/facqui.unitru.edu.pe\/programa-ambiental\/wp-json\/wp\/v2\/media?parent=850"}],"curies":[{"name":"wp","href":"https:\/\/api.w.org\/{rel}","templated":true}]}}