{"id":949,"date":"2021-02-07T06:12:34","date_gmt":"2021-02-07T06:12:34","guid":{"rendered":"https:\/\/facqui.unitru.edu.pe\/programa-ambiental\/?page_id=949"},"modified":"2024-09-25T11:01:06","modified_gmt":"2024-09-25T16:01:06","slug":"requisitos-para-matricula","status":"publish","type":"page","link":"https:\/\/facqui.unitru.edu.pe\/programa-ambiental\/requisitos-para-matricula\/","title":{"rendered":"Requisitos para Matr\u00edcula"},"content":{"rendered":"\t\t<div data-elementor-type=\"wp-page\" data-elementor-id=\"949\" class=\"elementor elementor-949\">\n\t\t\t\t\t\t<section class=\"elementor-section elementor-top-section elementor-element elementor-element-ee7df44 elementor-section-height-min-height elementor-section-boxed elementor-section-height-default elementor-section-items-middle\" data-id=\"ee7df44\" data-element_type=\"section\" data-settings=\"{&quot;background_background&quot;:&quot;classic&quot;}\">\n\t\t\t\t\t\t\t<div class=\"elementor-background-overlay\"><\/div>\n\t\t\t\t\t\t\t<div class=\"elementor-container elementor-column-gap-default\">\n\t\t\t\t\t<div class=\"elementor-column elementor-col-100 elementor-top-column elementor-element elementor-element-8af76bf\" data-id=\"8af76bf\" data-element_type=\"column\">\n\t\t\t<div class=\"elementor-widget-wrap\">\n\t\t\t\t\t\t\t<\/div>\n\t\t<\/div>\n\t\t\t\t\t<\/div>\n\t\t<\/section>\n\t\t\t\t<section class=\"elementor-section elementor-top-section elementor-element elementor-element-150351f elementor-section-boxed elementor-section-height-default elementor-section-height-default\" data-id=\"150351f\" data-element_type=\"section\">\n\t\t\t\t\t\t<div class=\"elementor-container elementor-column-gap-default\">\n\t\t\t\t\t<div class=\"elementor-column elementor-col-100 elementor-top-column elementor-element elementor-element-724a86f\" data-id=\"724a86f\" data-element_type=\"column\">\n\t\t\t<div class=\"elementor-widget-wrap elementor-element-populated\">\n\t\t\t\t\t\t<div class=\"elementor-element elementor-element-9580a1e elementor-widget elementor-widget-heading\" data-id=\"9580a1e\" data-element_type=\"widget\" data-widget_type=\"heading.default\">\n\t\t\t\t<div class=\"elementor-widget-container\">\n\t\t\t<h2 class=\"elementor-heading-title elementor-size-default\">Los requisitos para la Matr\u00edcula,<br>son los siguientes:<\/h2>\t\t<\/div>\n\t\t\t\t<\/div>\n\t\t\t\t\t<\/div>\n\t\t<\/div>\n\t\t\t\t\t<\/div>\n\t\t<\/section>\n\t\t\t\t<section class=\"elementor-section elementor-top-section elementor-element elementor-element-4fab85d elementor-section-boxed elementor-section-height-default elementor-section-height-default\" data-id=\"4fab85d\" data-element_type=\"section\">\n\t\t\t\t\t\t<div class=\"elementor-container elementor-column-gap-default\">\n\t\t\t\t\t<div class=\"elementor-column elementor-col-100 elementor-top-column elementor-element elementor-element-0e982d5\" data-id=\"0e982d5\" data-element_type=\"column\">\n\t\t\t<div class=\"elementor-widget-wrap elementor-element-populated\">\n\t\t\t\t\t\t<div class=\"elementor-element elementor-element-280a0ad elementor-widget elementor-widget-text-editor\" data-id=\"280a0ad\" data-element_type=\"widget\" data-widget_type=\"text-editor.default\">\n\t\t\t\t<div class=\"elementor-widget-container\">\n\t\t\t\t\t\t\t<p><span style=\"font-size: 17px;\">Las instrucciones para la Matr\u00edcula del <strong>semestre 2024 &#8211; I<\/strong>, son aprobadas con la <strong>Resoluci\u00f3n de Consejo Universitario N\u00b0 031-2024\/UNT<\/strong>, la misma que se <strong>realizar\u00e1 a partir del mi\u00e9rcoles 24 de abril al viernes 03 de mayo del 2024, de manera ON LINE<\/strong>, en el Sistema Universitario Virtual (SUV), para todas las Escuelas Profesionales de la sede Central y Filiales de la UNT. <span style=\"text-decoration: underline;\"><strong><em><a href=\"https:\/\/drive.google.com\/file\/d\/1pQF8VkUyLFZKI37PEElf79amoneFXmot\/view?usp=drive_link\" target=\"_blank\" rel=\"noopener\">(Oficio Circular N\u00b0 010-2024-URA\/UNT<\/a> &#8211; Indicaciones para la Matr\u00edcula del Semestre 2024 &#8211; I).<\/em><\/strong><\/span><\/span><\/p><p><span style=\"font-size: 17px;\">Por lo que se pone de conocimiento a los estudiantes y personal administrativo encargado de la matr\u00edcula, las siguientes indicaciones y requisitos:<\/span><\/p><ul><li>1) La matr\u00edcula ser\u00e1 por Facultades y en los d\u00edas de acuerdo al cronograma detallado:<ul><li><strong>Facultad: CC. ECON\u00d3MICAS \/ CC. BIOL\u00d3GICAS \/ EDUCACI\u00d3N &#8211; D\u00eda: 24 y 25 de abril de 2024.<\/strong><\/li><li><strong>Facultad: FARMACIA \/ INGENIER\u00cdA \/ CIENCIAS SOCIALES &#8211; D\u00eda: 26 y 27 de abril de 2024.<\/strong><\/li><li><strong>Facultad: CIENCIAS F\u00cdSICAS Y MATEM\u00c1TICAS \/ ING. QU\u00cdMICA &#8211; D\u00eda: 28 y 29 de abril de 2024.<\/strong><\/li><li><strong>Facultad: DERECHO \/ ENFERMER\u00cdA \/ CC. AGROPECUARIAS &#8211; D\u00eda: 30.04 y 01 de mayo de 2024.<\/strong><\/li><li><strong>INGRESANTES (de todas las Escuelas Profesionales) y Rezagados (que no logren matricularse en su fecha) &#8211; D\u00eda: 02 y 03 de mayo de 2024.<\/strong><\/li><\/ul><\/li><li>2) <em><strong>El estudiante deber\u00e1 registrar su matr\u00edcula en los cursos que le corresponde de preferencia en los desaprobados y de ciclos inferiores.<\/strong><\/em><\/li><li>3) <em>En la matr\u00edcula de los estudiantes, se debe tener en cuenta la <strong>Normatividad Acad\u00e9mica del 2013<\/strong>, dado que, el <strong>Reglamento del Estudiante del 2015, No se encuentra VIGENTE con Resoluci\u00f3n de Consejo Universitario N\u00b0 0390-2015\/UNT; lo DEJA SIN EFECTO en todos sus EXTREMOS.<\/strong><\/em><\/li><li>4) <em><strong>El estudiante luego de matricularse deber\u00e1 generar e imprimir su orden de pago para cancelar la <span style=\"text-decoration: underline;\">Matr\u00edcula<\/span> con el C\u00d3DIGO 005-166-02 &#8211; SERVICIOS DE MATR\u00cdCULA a trav\u00e9s del Banco y Agentes de Interbank y\/o <span style=\"text-decoration: underline;\">UNIDAD DE TESORER\u00cdA de la UNT<\/span>.<\/strong><\/em><\/li><li>5) <em>El estudiante de las <strong>Filiales de la UNT, cancelar\u00e1n su matr\u00edcula en la Cuenta N\u00b0 003021000187671001 FINANCIERA CONFIANZA<\/strong>, luego de haber realizado el pago se acercaran a la <strong>Oficina de CONTABILIDAD de la Filial y canjear el voucher con el Recibo de TESORER\u00cdA<\/strong>.<\/em><\/li><li>6) <em><strong>El estudiante registrar\u00e1 en el Sistema Universitario Virtual (SUV), la informaci\u00f3n del VOUCHER, en el caso de las FILIALES deber\u00e1n registrar el RECIBO DE TESORER\u00cdA, desde <span style=\"text-decoration: underline;\">el 24 de abril hasta el 03 de mayo de 2023<\/span>, <\/strong><\/em>una vez realizado este proceso, <strong><span style=\"text-decoration: underline;\">deber\u00e1 alcanzar su Voucher a la Secretaria de Escuela<\/span><\/strong>.<\/li><li>7) <em><strong>La Secretaria de Escuela, VALIDAR\u00c1 el pago de la Matr\u00edcula, con el VOUCHER alcanzado por el estudiante, el Sistema estar\u00e1 habilitado, desde <span style=\"text-decoration: underline;\">el 24 de abril al 03 de mayo de 2024<\/span>, pasada estas fechas se cerrar\u00e1 el sistema<\/strong>.<\/em><\/li><li>8) <em><span style=\"text-decoration: underline;\"><strong>El estudiante que NO CANCELE LA ORDEN DE PAGO y NO HAGA LLEGAR SU VOUCHER NO SE CONSIDERA MATRICULADO. La cancelaci\u00f3n dentro de las fechas programadas se considerar\u00e1 una matr\u00edcula admitida<\/strong><\/span>.<\/em><\/li><li>9) <span style=\"text-decoration: underline;\"><em><strong>NO HAY PROCESO DE REGULARIZACI\u00d3N DE MATR\u00cdCULA<\/strong><\/em><\/span>, recomendar al estudiante verificar el horario de cursos para que pueda elegir bien su grupo y\/o secci\u00f3n.<\/li><li>10) Los estudiantes de la Poblaci\u00f3n en Transito a la Ley Universitaria N\u00b0 30220 podr\u00e1n acogerse a la <em><strong>DIRECTIVA GENERAL N\u00b0 004-20019\/VAC<\/strong>.<\/em><\/li><li>11) Los estudiantes que <strong>desaprueban 3era. Matr\u00edcula<\/strong> se acoger\u00e1n a lo establecido en el <strong>Estatuto Reformado Art. 245\u00b0.- La desaprobaci\u00f3n de una misma materia por tres (03) veces da lugar a que el estudiante solo se matricule en la materia que desaprob\u00f3 anteriormente<\/strong> para retornar de manera regular a sus estudios en el ciclo siguiente. Si <strong>desaprueba por cuarta vez procede su retiro<\/strong> definitivo de la Universidad. La inhabilitaci\u00f3n en una asignatura y sus implicancias est\u00e1n reglamentadas en la Normatividad Acad\u00e9mica correspondiente de la UNT.<\/li><\/ul><ul><li style=\"list-style-type: none;\">\u00a0PROCEDIMIENTOS TUPA UNT:<\/li><li style=\"list-style-type: none;\">&#8211; <a href=\"https:\/\/drive.google.com\/file\/d\/1WoCAaqyBwEjaf5PnBXwIgJyM272ljUll\/view?usp=drive_link\" target=\"_blank\" rel=\"noopener\">Requisitos Matr\u00edcula Regular &#8211; Ingresantes.<\/a>\u00a0<em>(P\u00e1g. 226 &#8211; 227)<\/em>.<\/li><li style=\"list-style-type: none;\">&#8211; <a href=\"https:\/\/drive.google.com\/file\/d\/1KvAoqiPOxJ-FwefbN23GVYKkYx94bA9d\/view?usp=drive_link\" target=\"_blank\" rel=\"noopener\">Requisitos Matr\u00edcula Regular &#8211; A partir del II Ciclo (Curr\u00edculo Flexible).<\/a>\u00a0<em>(P\u00e1g. 228 &#8211; 229)<\/em>.<\/li><\/ul>\t\t\t\t\t\t<\/div>\n\t\t\t\t<\/div>\n\t\t\t\t<div class=\"elementor-element elementor-element-81ada3b elementor-align-center elementor-widget elementor-widget-global elementor-global-221 elementor-widget-button\" data-id=\"81ada3b\" data-element_type=\"widget\" data-settings=\"{&quot;_animation&quot;:&quot;none&quot;}\" data-widget_type=\"button.default\">\n\t\t\t\t<div class=\"elementor-widget-container\">\n\t\t\t\t\t<div class=\"elementor-button-wrapper\">\n\t\t\t<a class=\"elementor-button elementor-button-link elementor-size-md elementor-animation-grow\" href=\"https:\/\/facqui.unitru.edu.pe\/programa-ambiental\/\">\n\t\t\t\t\t\t<span class=\"elementor-button-content-wrapper\">\n\t\t\t\t\t\t<span class=\"elementor-button-icon elementor-align-icon-left\">\n\t\t\t\t<i aria-hidden=\"true\" class=\"far fa-arrow-alt-circle-left\"><\/i>\t\t\t<\/span>\n\t\t\t\t\t\t<span class=\"elementor-button-text\">VOLVER A INICIO<\/span>\n\t\t<\/span>\n\t\t\t\t\t<\/a>\n\t\t<\/div>\n\t\t\t\t<\/div>\n\t\t\t\t<\/div>\n\t\t\t\t\t<\/div>\n\t\t<\/div>\n\t\t\t\t\t<\/div>\n\t\t<\/section>\n\t\t\t\t<\/div>\n\t\t","protected":false},"excerpt":{"rendered":"<p>Los requisitos para la Matr\u00edcula,son los siguientes: Las instrucciones para la Matr\u00edcula del semestre 2024 &#8211; I, son aprobadas con la Resoluci\u00f3n de Consejo Universitario N\u00b0 031-2024\/UNT, la misma que se realizar\u00e1 a partir del mi\u00e9rcoles 24 de abril al viernes 03 de mayo del 2024, de manera ON LINE, en el Sistema Universitario Virtual [&hellip;]<\/p>\n","protected":false},"author":1,"featured_media":0,"parent":0,"menu_order":0,"comment_status":"closed","ping_status":"closed","template":"","meta":{"site-sidebar-layout":"no-sidebar","site-content-layout":"page-builder","ast-site-content-layout":"full-width-container","site-content-style":"unboxed","site-sidebar-style":"unboxed","ast-global-header-display":"","ast-banner-title-visibility":"","ast-main-header-display":"","ast-hfb-above-header-display":"","ast-hfb-below-header-display":"","ast-hfb-mobile-header-display":"","site-post-title":"disabled","ast-breadcrumbs-content":"","ast-featured-img":"disabled","footer-sml-layout":"","theme-transparent-header-meta":"","adv-header-id-meta":"","stick-header-meta":"","header-above-stick-meta":"","header-main-stick-meta":"","header-below-stick-meta":"","astra-migrate-meta-layouts":"set","ast-page-background-enabled":"default","ast-page-background-meta":{"desktop":{"background-color":"","background-image":"","background-repeat":"repeat","background-position":"center center","background-size":"auto","background-attachment":"scroll","background-type":"","background-media":"","overlay-type":"","overlay-color":"","overlay-gradient":""},"tablet":{"background-color":"","background-image":"","background-repeat":"repeat","background-position":"center center","background-size":"auto","background-attachment":"scroll","background-type":"","background-media":"","overlay-type":"","overlay-color":"","overlay-gradient":""},"mobile":{"background-color":"","background-image":"","background-repeat":"repeat","background-position":"center center","background-size":"auto","background-attachment":"scroll","background-type":"","background-media":"","overlay-type":"","overlay-color":"","overlay-gradient":""}},"ast-content-background-meta":{"desktop":{"background-color":"var(--ast-global-color-5)","background-image":"","background-repeat":"repeat","background-position":"center center","background-size":"auto","background-attachment":"scroll","background-type":"","background-media":"","overlay-type":"","overlay-color":"","overlay-gradient":""},"tablet":{"background-color":"var(--ast-global-color-5)","background-image":"","background-repeat":"repeat","background-position":"center center","background-size":"auto","background-attachment":"scroll","background-type":"","background-media":"","overlay-type":"","overlay-color":"","overlay-gradient":""},"mobile":{"background-color":"var(--ast-global-color-5)","background-image":"","background-repeat":"repeat","background-position":"center center","background-size":"auto","background-attachment":"scroll","background-type":"","background-media":"","overlay-type":"","overlay-color":"","overlay-gradient":""}},"footnotes":""},"_links":{"self":[{"href":"https:\/\/facqui.unitru.edu.pe\/programa-ambiental\/wp-json\/wp\/v2\/pages\/949"}],"collection":[{"href":"https:\/\/facqui.unitru.edu.pe\/programa-ambiental\/wp-json\/wp\/v2\/pages"}],"about":[{"href":"https:\/\/facqui.unitru.edu.pe\/programa-ambiental\/wp-json\/wp\/v2\/types\/page"}],"author":[{"embeddable":true,"href":"https:\/\/facqui.unitru.edu.pe\/programa-ambiental\/wp-json\/wp\/v2\/users\/1"}],"replies":[{"embeddable":true,"href":"https:\/\/facqui.unitru.edu.pe\/programa-ambiental\/wp-json\/wp\/v2\/comments?post=949"}],"version-history":[{"count":56,"href":"https:\/\/facqui.unitru.edu.pe\/programa-ambiental\/wp-json\/wp\/v2\/pages\/949\/revisions"}],"predecessor-version":[{"id":2089,"href":"https:\/\/facqui.unitru.edu.pe\/programa-ambiental\/wp-json\/wp\/v2\/pages\/949\/revisions\/2089"}],"wp:attachment":[{"href":"https:\/\/facqui.unitru.edu.pe\/programa-ambiental\/wp-json\/wp\/v2\/media?parent=949"}],"curies":[{"name":"wp","href":"https:\/\/api.w.org\/{rel}","templated":true}]}}